{"id":862,"date":"2020-02-12T15:21:04","date_gmt":"2020-02-12T15:21:04","guid":{"rendered":"https:\/\/vakantiehuiskleinwalsertal.nl\/zomer\/"},"modified":"2020-09-24T10:56:37","modified_gmt":"2020-09-24T10:56:37","slug":"zomer","status":"publish","type":"page","link":"https:\/\/vakantiehuiskleinwalsertal.nl\/de\/sommer-2\/","title":{"rendered":"Sommer"},"content":{"rendered":"<div class=\"slider-wrapper relative\" id=\"slider-709128445\" style=\"background-color:#6fa6d4;\">\n    <div class=\"slider slider-nav-simple slider-nav-large slider-nav-light slider-nav-outside slider-style-normal slider-show-nav\"\n        data-flickity-options='{            \"cellAlign\": \"center\",            \"imagesLoaded\": true,            \"lazyLoad\": 1,            \"freeScroll\": false,            \"wrapAround\": true,            \"autoPlay\": 3000,            \"pauseAutoPlayOnHover\" : false,            \"prevNextButtons\": true,            \"contain\" : true,            \"adaptiveHeight\" : true,            \"dragThreshold\" : 10,            \"percentPosition\": true,            \"pageDots\": false,            \"rightToLeft\": false,            \"draggable\": true,            \"selectedAttraction\": 0.1,            \"parallax\" : 0,            \"friction\": 0.6        }'\n        >\n        \n\n\t<section class=\"section\" id=\"section_1262128339\">\n\t\t<div class=\"bg section-bg fill bg-fill\" >\n\n\t\t\t\n\t\t\t\n\t\t\t\n\t<div class=\"is-border\"\n\t\tstyle=\"border-color:rgb(111, 166, 212);border-width:0px 0px 20px 0px;\">\n\t<\/div>\n\n\t\t<\/div>\n\n\t\t<div class=\"section-content relative\">\n\t\t\t\n\n<div class=\"row\"  id=\"row-2135055194\">\n\n\n\t<div id=\"col-1571713322\" class=\"col medium-7 small-12 large-7\"  >\n\t\t<div class=\"col-inner\"  >\n\t\t\t\n\t\t\t\n\n<h2><span style=\"font-size: 200%; color: #ffffff;\"><strong>Sommer<\/strong> in Kleinwalsertal!<\/span><\/h2>\n<p><span style=\"color: #ffffff;\">Bergbahnticket inklusive!<\/span><\/p>\n\n\t\t<\/div>\n\t\t\t<\/div>\n\n\t\n\n<\/div>\n\n\t\t<\/div>\n\n\t\t\n<style>\n#section_1262128339 {\n  padding-top: 30px;\n  padding-bottom: 30px;\n  min-height: 480px;\n  background-color: rgb(122, 156, 89);\n}\n#section_1262128339 .section-bg.bg-loaded {\n  background-image: url(https:\/\/vakantiehuiskleinwalsertal.nl\/wp-content\/uploads\/2020\/03\/Zomer-afbeelding-9.png);\n}\n#section_1262128339 .section-bg {\n  background-position: 43% 42%;\n}\n<\/style>\n\t<\/section>\n\t\n\n     <\/div>\n\n     <div class=\"loading-spin dark large centered\"><\/div>\n\n     \t<\/div>\n\n\n\t<section class=\"section\" id=\"section_1126102173\">\n\t\t<div class=\"bg section-bg fill bg-fill  bg-loaded\" >\n\n\t\t\t\n\t\t\t\n\t\t\t\n\n\t\t<\/div>\n\n\t\t<div class=\"section-content relative\">\n\t\t\t\n\n<div class=\"row\"  id=\"row-220053791\">\n\n\n\t<div id=\"col-974966132\" class=\"col small-12 large-12\"  >\n\t\t<div class=\"col-inner\"  >\n\t\t\t\n\t\t\t\n\n<div class=\"row row-small row-box-shadow-1 row-box-shadow-4-hover\"  id=\"row-2106840396\">\n\n\n\t<div id=\"col-707778450\" class=\"col medium-6 small-12 large-3\"  >\n\t\t<div class=\"col-inner\"  >\n\t\t\t\n\t\t\t\n\n\n\t\t<div class=\"icon-box featured-box icon-box-center text-center\"  >\n\t\t\t\t\t<div class=\"icon-box-img\" style=\"width: 60px\">\n\t\t\t\t<div class=\"icon\">\n\t\t\t\t\t<div class=\"icon-inner\" >\n\t\t\t\t\t\t<img loading=\"lazy\" decoding=\"async\" width=\"400\" height=\"400\" src=\"https:\/\/vakantiehuiskleinwalsertal.nl\/wp-content\/uploads\/2020\/02\/mountain-2-400x400.png\" class=\"attachment-medium size-medium\" alt=\"\" srcset=\"https:\/\/vakantiehuiskleinwalsertal.nl\/wp-content\/uploads\/2020\/02\/mountain-2-400x400.png 400w, https:\/\/vakantiehuiskleinwalsertal.nl\/wp-content\/uploads\/2020\/02\/mountain-2-280x280.png 280w, https:\/\/vakantiehuiskleinwalsertal.nl\/wp-content\/uploads\/2020\/02\/mountain-2.png 512w\" sizes=\"auto, (max-width: 400px) 100vw, 400px\" \/>\t\t\t\t\t<\/div>\n\t\t\t\t<\/div>\n\t\t\t<\/div>\n\t\t\t\t<div class=\"icon-box-text last-reset\">\n\t\t\t\t\t\t\t\t\t\n\n<h3>Wandern<\/h3>\n<p>Sie k\u00f6nnen Wanderwege mit einer Gesamtl\u00e4nge von 150 km genie\u00dfen.<\/p>\n<p>\u00a0<\/p>\n\n\t\t<\/div>\n\t<\/div>\n\t\n\t\n\n\t\t<\/div>\n\t\t\n<style>\n#col-707778450 > .col-inner {\n  padding: 30px 0px 80px 0px;\n}\n<\/style>\n\t<\/div>\n\n\t\n\n\t<div id=\"col-227019715\" class=\"col medium-6 small-12 large-3\"  >\n\t\t<div class=\"col-inner\"  >\n\t\t\t\n\t\t\t\n\n\n\t\t<div class=\"icon-box featured-box icon-box-center text-center\"  >\n\t\t\t\t\t<div class=\"icon-box-img\" style=\"width: 60px\">\n\t\t\t\t<div class=\"icon\">\n\t\t\t\t\t<div class=\"icon-inner\" >\n\t\t\t\t\t\t<img loading=\"lazy\" decoding=\"async\" width=\"400\" height=\"400\" src=\"https:\/\/vakantiehuiskleinwalsertal.nl\/wp-content\/uploads\/2020\/02\/cyclist-400x400.png\" class=\"attachment-medium size-medium\" alt=\"\" srcset=\"https:\/\/vakantiehuiskleinwalsertal.nl\/wp-content\/uploads\/2020\/02\/cyclist-400x400.png 400w, https:\/\/vakantiehuiskleinwalsertal.nl\/wp-content\/uploads\/2020\/02\/cyclist-280x280.png 280w, https:\/\/vakantiehuiskleinwalsertal.nl\/wp-content\/uploads\/2020\/02\/cyclist.png 512w\" sizes=\"auto, (max-width: 400px) 100vw, 400px\" \/>\t\t\t\t\t<\/div>\n\t\t\t\t<\/div>\n\t\t\t<\/div>\n\t\t\t\t<div class=\"icon-box-text last-reset\">\n\t\t\t\t\t\t\t\t\t\n\n<h3>Mountainbiken<\/h3>\n<p>Au\u00dferdem stehen Ihnen verschiedene Mountainbike-Strecken zur Verf\u00fcgung.<\/p>\n\n\t\t<\/div>\n\t<\/div>\n\t\n\t\n\n\t\t<\/div>\n\t\t\n<style>\n#col-227019715 > .col-inner {\n  padding: 30px 0px 105px 0px;\n}\n<\/style>\n\t<\/div>\n\n\t\n\n\t<div id=\"col-507869419\" class=\"col medium-6 small-12 large-3\"  >\n\t\t<div class=\"col-inner\"  >\n\t\t\t\n\t\t\t\n\n\n\t\t<div class=\"icon-box featured-box icon-box-center text-center\"  >\n\t\t\t\t\t<div class=\"icon-box-img\" style=\"width: 60px\">\n\t\t\t\t<div class=\"icon\">\n\t\t\t\t\t<div class=\"icon-inner\" >\n\t\t\t\t\t\t<img loading=\"lazy\" decoding=\"async\" width=\"400\" height=\"400\" src=\"https:\/\/vakantiehuiskleinwalsertal.nl\/wp-content\/uploads\/2020\/02\/girl-400x400.png\" class=\"attachment-medium size-medium\" alt=\"\" srcset=\"https:\/\/vakantiehuiskleinwalsertal.nl\/wp-content\/uploads\/2020\/02\/girl-400x400.png 400w, https:\/\/vakantiehuiskleinwalsertal.nl\/wp-content\/uploads\/2020\/02\/girl-280x280.png 280w, https:\/\/vakantiehuiskleinwalsertal.nl\/wp-content\/uploads\/2020\/02\/girl.png 512w\" sizes=\"auto, (max-width: 400px) 100vw, 400px\" \/>\t\t\t\t\t<\/div>\n\t\t\t\t<\/div>\n\t\t\t<\/div>\n\t\t\t\t<div class=\"icon-box-text last-reset\">\n\t\t\t\t\t\t\t\t\t\n\n<h3>Kinderfreundlich<\/h3>\n<p>Auch f\u00fcr Kinder gibt es im KWT genug zu erleben<\/p>\n<p>\u00a0<\/p>\n<p>\u00a0<\/p>\n<p>\u00a0<\/p>\n\n\t\t<\/div>\n\t<\/div>\n\t\n\t\n\n\t\t<\/div>\n\t\t\n<style>\n#col-507869419 > .col-inner {\n  padding: 30px 0px 80px 0px;\n}\n<\/style>\n\t<\/div>\n\n\t\n\n\t<div id=\"col-892694157\" class=\"col medium-6 small-12 large-3\"  >\n\t\t<div class=\"col-inner\"  >\n\t\t\t\n\t\t\t\n\n\n\t\t<div class=\"icon-box featured-box icon-box-center text-center\"  >\n\t\t\t\t\t<div class=\"icon-box-img\" style=\"width: 60px\">\n\t\t\t\t<div class=\"icon\">\n\t\t\t\t\t<div class=\"icon-inner\" >\n\t\t\t\t\t\t<img loading=\"lazy\" decoding=\"async\" width=\"400\" height=\"400\" src=\"https:\/\/vakantiehuiskleinwalsertal.nl\/wp-content\/uploads\/2020\/02\/contact-400x400.png\" class=\"attachment-medium size-medium\" alt=\"\" srcset=\"https:\/\/vakantiehuiskleinwalsertal.nl\/wp-content\/uploads\/2020\/02\/contact-400x400.png 400w, https:\/\/vakantiehuiskleinwalsertal.nl\/wp-content\/uploads\/2020\/02\/contact-280x280.png 280w, https:\/\/vakantiehuiskleinwalsertal.nl\/wp-content\/uploads\/2020\/02\/contact.png 512w\" sizes=\"auto, (max-width: 400px) 100vw, 400px\" \/>\t\t\t\t\t<\/div>\n\t\t\t\t<\/div>\n\t\t\t<\/div>\n\t\t\t\t<div class=\"icon-box-text last-reset\">\n\t\t\t\t\t\t\t\t\t\n\n<h3>Bergbahnticket<\/h3>\n<p>Mit \u201eBergbahn inklusive\u201c haben Sie im Zeitraum von Mai bis November freie Fahrt im Kleinwalsertal und Oberstdorf, so oft Sie m\u00f6chten.<\/p>\n<p>\u00a0<\/p>\n<p>\u00a0<\/p>\n\n\t\t<\/div>\n\t<\/div>\n\t\n\t\n\n\t\t<\/div>\n\t\t\t<\/div>\n\n\t\n\n\n<style>\n#row-2106840396 > .col > .col-inner {\n  padding: 30px 30px 30px 30px;\n  background-color: rgb(255,255,255);\n}\n<\/style>\n<\/div>\n\n\t\t<\/div>\n\t\t\n<style>\n#col-974966132 > .col-inner {\n  margin: -100px 0px 0px 0px;\n}\n<\/style>\n\t<\/div>\n\n\t\n\n<\/div>\n\n\t\t<\/div>\n\n\t\t\n<style>\n#section_1126102173 {\n  padding-top: 30px;\n  padding-bottom: 30px;\n  background-color: rgb(245, 247, 251);\n}\n<\/style>\n\t<\/section>\n\t\n\t<section class=\"section\" id=\"section_519003478\">\n\t\t<div class=\"bg section-bg fill bg-fill  bg-loaded\" >\n\n\t\t\t\n\t\t\t\n\t\t\t\n\n\t\t<\/div>\n\n\t\t<div class=\"section-content relative\">\n\t\t\t\n\n\t<div id=\"gap-1950425835\" class=\"gap-element clearfix\" style=\"display:block; height:auto;\">\n\t\t\n<style>\n#gap-1950425835 {\n  padding-top: 40px;\n}\n<\/style>\n\t<\/div>\n\t\n\n<div class=\"row align-center\"  id=\"row-1305556710\">\n\n\n\t<div id=\"col-16256387\" class=\"col medium-4 small-10 large-4\"  >\n\t\t<div class=\"col-inner\"  >\n\t\t\t\n\t\t\t\n\n<h1 class=\"uppercase\"><span style=\"font-size: 110%;\">SOMMERAKTIVIT\u00c4TEN IN KLEINWALSERTAL<\/span><\/h1>\n<p>\u00a0<\/p>\n<a href=\"\/de\/contact\/\" target=\"_self\" class=\"button primary is-link\"  >\n    <span>KONTAKT<\/span>\n  <i class=\"icon-angle-right\" ><\/i><\/a>\n\n\n\n\t\t<\/div>\n\t\t\t<\/div>\n\n\t\n\n\t<div id=\"col-861343322\" class=\"col medium-8 small-10 large-8\"  >\n\t\t<div class=\"col-inner\"  >\n\t\t\t\n\t\t\t\n\n<p>Es ist wieder an der Zeit, Ihren Sommerurlaub zu buchen! Im FerienhausVerdoorn im Kleinwalsertal gibt es genug zu tun! Im Kleinwalsertal gibt es auch im Fr\u00fchling, Sommer und Herbst viel zu erleben. Ob jung oder alt,auf der Suche nach der ultimativen Entspannung oder nach einem Abenteuer.<\/p>\n<p>Sommerferien im Kleinwalsertal sind ideal! In Riezlern gibt es sogar einenAu\u00dfenpool mit Bergblick! In Baad befindet sich ein Minigolfplatz und inRiezlern ein Skatepark. Kinder ab sechs Jahren k\u00f6nnen mit Burmi aneinem Abenteuerprogramm teilnehmen. Ausgangspunkt ist das Tourismusb\u00fcro Walserhaus. Auf den umliegenden Wiesen leben verschiedene Tiere.<\/p>\n<p>Im Kleinwalsertal wird es Ihnen nie langweilig. Neben Wandern und Mountainbiken k\u00f6nnen Sie die Natur mit einer Pferdekutsche genie\u00dfen, im sch\u00f6nen Breitach angeln, in einem Schwimmbad oder Spa entspannen, einen Ausritt durch die Landschaft des Kleinwalsertals unternehmen, eine Rodelbahn fahren, sich abseilen oder bergsteigen.<\/p>\n<p>Sie k\u00f6nnen bereits von der Terrasse oder einem der Balkone des Ferienhauses Verdoorn die sch\u00f6ne Aussicht auf die Berge genie\u00dfen!\u00a0<\/p>\n<p>\u00a0<\/p>\n<p>\u00a0<\/p>\n\n\t\t<\/div>\n\t\t\t<\/div>\n\n\t\n\n<\/div>\n\n\t\t<\/div>\n\n\t\t\n<style>\n#section_519003478 {\n  padding-top: 30px;\n  padding-bottom: 30px;\n}\n<\/style>\n\t<\/section>\n\t\n\t<section class=\"section info-card-1\" id=\"section_1253996600\">\n\t\t<div class=\"bg section-bg fill bg-fill  bg-loaded\" >\n\n\t\t\t\n\t\t\t\n\t\t\t\n\n\t\t<\/div>\n\n\t\t<div class=\"section-content relative\">\n\t\t\t\n\n<div class=\"row\"  id=\"row-417128820\">\n\n\n\t<div id=\"col-1550217031\" class=\"col small-12 large-12\"  >\n\t\t<div class=\"col-inner text-center\"  >\n\t\t\t\n\t\t\t\n\n<p><strong>AKTIVIT\u00c4TEN<\/strong><\/p>\n\n\t\t<\/div>\n\t\t\n<style>\n#col-1550217031 > .col-inner {\n  padding: 20px 0px 0px 0px;\n}\n<\/style>\n\t<\/div>\n\n\t\n\n<\/div>\n<div class=\"row row-small align-equal\"  id=\"row-1498053079\">\n\n\n\t<div id=\"col-355487855\" class=\"col medium-4 small-12 large-4\"  >\n\t\t<div class=\"col-inner\"  >\n\t\t\t\n\t\t\t\n\n\t<div class=\"box has-hover   has-hover box-push box-text-bottom\" >\n\n\t\t<div class=\"box-image\" >\n\t\t\t\t\t\t<div class=\"image-zoom image-cover\" style=\"padding-top:70%;\">\n\t\t\t\t<img loading=\"lazy\" decoding=\"async\" width=\"800\" height=\"800\" src=\"https:\/\/vakantiehuiskleinwalsertal.nl\/wp-content\/uploads\/2020\/03\/Zomer-afbeelding-23.png\" class=\"attachment- size-\" alt=\"\" srcset=\"https:\/\/vakantiehuiskleinwalsertal.nl\/wp-content\/uploads\/2020\/03\/Zomer-afbeelding-23.png 800w, https:\/\/vakantiehuiskleinwalsertal.nl\/wp-content\/uploads\/2020\/03\/Zomer-afbeelding-23-400x400.png 400w, https:\/\/vakantiehuiskleinwalsertal.nl\/wp-content\/uploads\/2020\/03\/Zomer-afbeelding-23-280x280.png 280w, https:\/\/vakantiehuiskleinwalsertal.nl\/wp-content\/uploads\/2020\/03\/Zomer-afbeelding-23-768x768.png 768w\" sizes=\"auto, (max-width: 800px) 100vw, 800px\" \/>\t\t\t\t\t\t\t\t\t\t\t<\/div>\n\t\t\t\t\t<\/div>\n\n\t\t<div class=\"box-text text-center\" style=\"background-color:rgb(255, 255, 255);padding:20px 5% 20px 5%;\">\n\t\t\t<div class=\"box-text-inner\">\n\t\t\t\t\n\n<h4>Trailrunning<\/h4>\n<p>Entdecken Sie die Natur in ihrer reinsten Form. F\u00fcr diesen Sport werden heutzutage sogar Weltmeisterschaften organisiert!<\/p>\n<p>\u00a0<\/p>\n<p class=\"p1\">\u00a0<\/p>\n\n\t\t\t<\/div>\n\t\t<\/div>\n\t<\/div>\n\t\n\n\t\t<\/div>\n\t\t\t<\/div>\n\n\t\n\n\t<div id=\"col-189537546\" class=\"col medium-4 small-12 large-4\"  >\n\t\t<div class=\"col-inner\"  >\n\t\t\t\n\t\t\t\n\n\t<div class=\"box has-hover   has-hover box-push box-text-bottom\" >\n\n\t\t<div class=\"box-image\" >\n\t\t\t\t\t\t<div class=\"image-zoom image-cover\" style=\"padding-top:70%;\">\n\t\t\t\t<img loading=\"lazy\" decoding=\"async\" width=\"2560\" height=\"1581\" src=\"https:\/\/vakantiehuiskleinwalsertal.nl\/wp-content\/uploads\/2020\/02\/klimmen-goed-scaled.jpg\" class=\"attachment- size-\" alt=\"\" srcset=\"https:\/\/vakantiehuiskleinwalsertal.nl\/wp-content\/uploads\/2020\/02\/klimmen-goed-scaled.jpg 2560w, https:\/\/vakantiehuiskleinwalsertal.nl\/wp-content\/uploads\/2020\/02\/klimmen-goed-648x400.jpg 648w, https:\/\/vakantiehuiskleinwalsertal.nl\/wp-content\/uploads\/2020\/02\/klimmen-goed-1296x800.jpg 1296w, https:\/\/vakantiehuiskleinwalsertal.nl\/wp-content\/uploads\/2020\/02\/klimmen-goed-768x474.jpg 768w, https:\/\/vakantiehuiskleinwalsertal.nl\/wp-content\/uploads\/2020\/02\/klimmen-goed-1536x948.jpg 1536w, https:\/\/vakantiehuiskleinwalsertal.nl\/wp-content\/uploads\/2020\/02\/klimmen-goed-2048x1265.jpg 2048w\" sizes=\"auto, (max-width: 2560px) 100vw, 2560px\" \/>\t\t\t\t\t\t\t\t\t\t\t<\/div>\n\t\t\t\t\t<\/div>\n\n\t\t<div class=\"box-text text-center\" style=\"background-color:rgb(255, 255, 255);padding:20px 5% 20px 5%;\">\n\t\t\t<div class=\"box-text-inner\">\n\t\t\t\t\n\n<h4>Klettern<\/h4>\n<p>Begeben Sie sich auf ein Abenteuer und besteigen Sie die sch\u00f6nsten Berge<\/p>\n<p>von Mittelberg.<\/p>\n<p>\u00a0<\/p>\n\n\t\t\t<\/div>\n\t\t<\/div>\n\t<\/div>\n\t\n\n\t\t<\/div>\n\t\t\t<\/div>\n\n\t\n\n\t<div id=\"col-1135047659\" class=\"col medium-4 small-12 large-4\"  >\n\t\t<div class=\"col-inner\"  >\n\t\t\t\n\t\t\t\n\n\t<div class=\"box has-hover   has-hover box-push box-text-bottom\" >\n\n\t\t<div class=\"box-image\" >\n\t\t\t\t\t\t<div class=\"image-zoom image-cover\" style=\"padding-top:70%;\">\n\t\t\t\t<img loading=\"lazy\" decoding=\"async\" width=\"2560\" height=\"1920\" src=\"https:\/\/vakantiehuiskleinwalsertal.nl\/wp-content\/uploads\/2020\/02\/jayn-tiny-scaled.jpg\" class=\"attachment- size-\" alt=\"\" srcset=\"https:\/\/vakantiehuiskleinwalsertal.nl\/wp-content\/uploads\/2020\/02\/jayn-tiny-scaled.jpg 2560w, https:\/\/vakantiehuiskleinwalsertal.nl\/wp-content\/uploads\/2020\/02\/jayn-tiny-533x400.jpg 533w, https:\/\/vakantiehuiskleinwalsertal.nl\/wp-content\/uploads\/2020\/02\/jayn-tiny-1067x800.jpg 1067w, https:\/\/vakantiehuiskleinwalsertal.nl\/wp-content\/uploads\/2020\/02\/jayn-tiny-768x576.jpg 768w, https:\/\/vakantiehuiskleinwalsertal.nl\/wp-content\/uploads\/2020\/02\/jayn-tiny-1536x1152.jpg 1536w, https:\/\/vakantiehuiskleinwalsertal.nl\/wp-content\/uploads\/2020\/02\/jayn-tiny-2048x1536.jpg 2048w\" sizes=\"auto, (max-width: 2560px) 100vw, 2560px\" \/>\t\t\t\t\t\t\t\t\t\t\t<\/div>\n\t\t\t\t\t<\/div>\n\n\t\t<div class=\"box-text text-center\" style=\"background-color:rgb(255, 255, 255);padding:20px 5% 20px 5%;\">\n\t\t\t<div class=\"box-text-inner\">\n\t\t\t\t\n\n<h4>Canyoning<\/h4>\n<p>Entdecken Sie Wasserf\u00e4lle, kristallklare Seen, Schluchten und weitere unglaubliche Wunder der Natur<\/p>\n<p>\u00a0<\/p>\n\n\t\t\t<\/div>\n\t\t<\/div>\n\t<\/div>\n\t\n\n\t\t<\/div>\n\t\t\t<\/div>\n\n\t\n\n\n<style>\n#row-1498053079 > .col > .col-inner {\n  background-color: rgb(255,255,255);\n}\n<\/style>\n<\/div>\n\n\t\t<\/div>\n\n\t\t\n<style>\n#section_1253996600 {\n  padding-top: 50px;\n  padding-bottom: 50px;\n  background-color: rgb(244, 244, 244);\n}\n<\/style>\n\t<\/section>\n\t\n\t<section class=\"section\" id=\"section_182732824\">\n\t\t<div class=\"bg section-bg fill bg-fill\" >\n\n\t\t\t\n\t\t\t<div class=\"section-bg-overlay absolute fill\"><\/div>\n\t\t\t\n\n\t\t<\/div>\n\n\t\t<div class=\"section-content relative\">\n\t\t\t\n\n\t<div id=\"gap-260431889\" class=\"gap-element clearfix\" style=\"display:block; height:auto;\">\n\t\t\n<style>\n#gap-260431889 {\n  padding-top: 8px;\n}\n<\/style>\n\t<\/div>\n\t\n\n<div class=\"row row-collapse align-center\"  id=\"row-1905953171\">\n\n\n\t<div id=\"col-2004953949\" class=\"col medium-6 small-11 large-6\"  >\n\t\t<div class=\"col-inner text-center\"  >\n\t\t\t\n\t\t\t\n\n\n  <div class=\"banner has-hover\" id=\"banner-433477390\">\n          <div class=\"banner-inner fill\">\n        <div class=\"banner-bg fill\" >\n            <div class=\"bg fill bg-fill\"><\/div>\n                                    \n                    <\/div>\n        <div class=\"banner-layers container\">\n            <div class=\"fill banner-link\"><\/div>            \n\n   <div id=\"text-box-1926151222\" class=\"text-box banner-layer x50 md-x50 lg-x50 y50 md-y50 lg-y50 res-text\">\n                                <div class=\"text-box-content text\">\n              \n              <div class=\"text-inner text-center\">\n                  \n\n<h1 style=\"text-align: center;\"><span style=\"font-size: 90%;\">VERF\u00dcGBARKEIT PR\u00dcFEN<\/span><\/h1>\n<p style=\"text-align: center;\"><span style=\"font-size: 160%;\">Hier finden Sie die Verf\u00fcgbarkeit des Ferienhauses\u00a0<\/span><\/p>\n<a href=\"https:\/\/www.kleinwalsertal.com\/de\/Suchen-Buchen\/Unterkunft-buchen\/Unterkunftsliste\/Ferienhaus-Verdoorn_ad-52841\" target=\"_self\" class=\"button success is-xxlarge\"  >\n    <span>Verf\u00fcgbarkeit<\/span>\n  <\/a>\n\n\n\n              <\/div>\n           <\/div>\n                            \n<style>\n#text-box-1926151222 {\n  width: 87%;\n}\n#text-box-1926151222 .text-box-content {\n  font-size: 100%;\n}\n<\/style>\n    <\/div>\n \n\n        <\/div>\n      <\/div>\n\n            \n<style>\n#banner-433477390 {\n  padding-top: 500px;\n  background-color: rgb(255,255,255);\n}\n<\/style>\n  <\/div>\n\n\n\n\t\t<\/div>\n\t\t\t<\/div>\n\n\t\n\n\t<div id=\"col-1901411473\" class=\"col medium-6 small-11 large-6\"  >\n\t\t<div class=\"col-inner\"  >\n\t\t\t\n\t\t\t\n\n\n  <div class=\"banner has-hover\" id=\"banner-1171787869\">\n          <div class=\"banner-inner fill\">\n        <div class=\"banner-bg fill\" >\n            <div class=\"bg fill bg-fill\"><\/div>\n                                    \n                    <\/div>\n        <div class=\"banner-layers container\">\n            <div class=\"fill banner-link\"><\/div>            \n\n\n        <\/div>\n      <\/div>\n\n            \n<style>\n#banner-1171787869 {\n  padding-top: 500px;\n  background-color: rgb(228, 228, 228);\n}\n#banner-1171787869 .bg.bg-loaded {\n  background-image: url(https:\/\/vakantiehuiskleinwalsertal.nl\/wp-content\/uploads\/2020\/03\/Zomer-afbeelding-1.png);\n}\n<\/style>\n  <\/div>\n\n\n\n\t\t<\/div>\n\t\t\t<\/div>\n\n\t\n\n<\/div>\n\n\t\t<\/div>\n\n\t\t\n<style>\n#section_182732824 {\n  padding-top: 68px;\n  padding-bottom: 68px;\n}\n#section_182732824 .section-bg-overlay {\n  background-color: rgba(0,0,0,.5);\n}\n#section_182732824 .section-bg.bg-loaded {\n  background-image: url(https:\/\/vakantiehuiskleinwalsertal.nl\/wp-content\/uploads\/2020\/03\/Zomer-afbeelding-19.png);\n}\n#section_182732824 .section-bg {\n  background-position: 66% 46%;\n}\n<\/style>\n\t<\/section>\n\t\n\t<section class=\"section\" id=\"section_1690114305\">\n\t\t<div class=\"bg section-bg fill bg-fill  bg-loaded\" >\n\n\t\t\t\n\t\t\t\n\t\t\t\n\n\t\t<\/div>\n\n\t\t<div class=\"section-content relative\">\n\t\t\t\n\n<div class=\"row align-center\"  id=\"row-1659468203\">\n\n\n\t<div id=\"col-46430518\" class=\"col medium-10 small-10 large-8\"  >\n\t\t<div class=\"col-inner text-center\"  >\n\t\t\t\n\t\t\t\n\n<h6>KLEINWALSERTAL<\/h6>\n<h3>Sommer und Winter; sch\u00f6ne Reiseziele f\u00fcr jede Jahreszeit<\/h3>\n<p>Ferienhaus Verdoorn liegt ideal im \u00f6sterreichischen Mittelberg. Charakteristisch f\u00fcr das Haus sind viel Platz, Komfort, der Ausblick und eine gute Erreichbarkeit. Ab\u00a0 dem Haus und von den Balkonen aus haben Sie einen fantastischen Blick auf die Berge, dies sorgt f\u00fcr ein herrliches Urlaubsgef\u00fchl.\u00a0<\/p>\n\t<div id=\"gap-1504482656\" class=\"gap-element clearfix\" style=\"display:block; height:auto;\">\n\t\t\n<style>\n#gap-1504482656 {\n  padding-top: 30px;\n}\n<\/style>\n\t<\/div>\n\t\n\n\n  <div class=\"banner has-hover\" id=\"banner-1408257235\">\n          <div class=\"banner-inner fill\">\n        <div class=\"banner-bg fill\" >\n            <div class=\"bg fill bg-fill\"><\/div>\n                                    \n                    <\/div>\n        <div class=\"banner-layers container\">\n            <div class=\"fill banner-link\"><\/div>            \n\n\n        <\/div>\n      <\/div>\n\n            \n<style>\n#banner-1408257235 {\n  padding-top: 300px;\n  background-color: rgb(255,255,255);\n}\n#banner-1408257235 .bg.bg-loaded {\n  background-image: url(https:\/\/vakantiehuiskleinwalsertal.nl\/wp-content\/uploads\/2020\/03\/Zomer-afbeelding-14.png);\n}\n@media (min-width:550px) {\n  #banner-1408257235 {\n    padding-top: 400px;\n  }\n}\n@media (min-width:850px) {\n  #banner-1408257235 {\n    padding-top: 500px;\n  }\n}\n<\/style>\n  <\/div>\n\n\n\n\t\t<\/div>\n\t\t\n<style>\n#col-46430518 > .col-inner {\n  padding: 60px 0px 0px 0px;\n  margin: 0px 0px -100px 0px;\n}\n<\/style>\n\t<\/div>\n\n\t\n\n<\/div>\n\n\t\t<\/div>\n\n\t\t\n<style>\n#section_1690114305 {\n  padding-top: 30px;\n  padding-bottom: 30px;\n  background-color: rgb(249, 247, 244);\n}\n<\/style>\n\t<\/section>\n\t\n\t<section class=\"section dark\" id=\"section_285802643\">\n\t\t<div class=\"bg section-bg fill bg-fill  bg-loaded\" >\n\n\t\t\t\n\t\t\t\n\t\t\t\n\n\t\t<\/div>\n\n\t\t<div class=\"section-content relative\">\n\t\t\t\n\n\t<div id=\"gap-1891427753\" class=\"gap-element clearfix\" style=\"display:block; height:auto;\">\n\t\t\n<style>\n#gap-1891427753 {\n  padding-top: 50px;\n}\n<\/style>\n\t<\/div>\n\t\n\n<div class=\"row\"  id=\"row-213883147\">\n\n\n\t<div id=\"col-1657814462\" class=\"col medium-9 small-12 large-9\"  >\n\t\t<div class=\"col-inner\"  >\n\t\t\t\n\t\t\t\n\n<h2>In Mittelberg gibt es viel zu entdecken!<\/h2>\n<p>Bereit f\u00fcr Ihren Urlaub in \u00d6sterreich?<\/p>\n\n\t\t<\/div>\n\t\t\t<\/div>\n\n\t\n\n\t<div id=\"col-644896457\" class=\"col medium-3 small-12 large-3\"  >\n\t\t<div class=\"col-inner\"  >\n\t\t\t\n\t\t\t\n\n<a href=\"https:\/\/www.kleinwalsertal.com\/de\/Suchen-Buchen\/Unterkunft-buchen\/Unterkunftsliste\/Ferienhaus-Verdoorn_ad-52841?activeTab=%23rooms\" target=\"_self\" class=\"button success expand\"  >\n    <span>Preise<\/span>\n  <\/a>\n\n\n<a href=\"https:\/\/www.kleinwalsertal.com\/de\/Suchen-Buchen\/Unterkunft-buchen\/Unterkunftsliste\/Ferienhaus-Verdoorn_ad-52841\" target=\"_self\" class=\"button white expand\"  >\n    <span>Reservieren<\/span>\n  <\/a>\n\n\n\n\t\t<\/div>\n\t\t\t<\/div>\n\n\t\n\n<\/div>\n\n\t\t<\/div>\n\n\t\t\n<style>\n#section_285802643 {\n  padding-top: 0px;\n  padding-bottom: 0px;\n  background-color: rgb(61, 56, 58);\n}\n<\/style>\n\t<\/section>","protected":false},"excerpt":{"rendered":"","protected":false},"author":2,"featured_media":0,"parent":0,"menu_order":0,"comment_status":"closed","ping_status":"closed","template":"page-blank.php","meta":{"footnotes":""},"class_list":["post-862","page","type-page","status-publish","hentry"],"_links":{"self":[{"href":"https:\/\/vakantiehuiskleinwalsertal.nl\/de\/wp-json\/wp\/v2\/pages\/862","targetHints":{"allow":["GET"]}}],"collection":[{"href":"https:\/\/vakantiehuiskleinwalsertal.nl\/de\/wp-json\/wp\/v2\/pages"}],"about":[{"href":"https:\/\/vakantiehuiskleinwalsertal.nl\/de\/wp-json\/wp\/v2\/types\/page"}],"author":[{"embeddable":true,"href":"https:\/\/vakantiehuiskleinwalsertal.nl\/de\/wp-json\/wp\/v2\/users\/2"}],"replies":[{"embeddable":true,"href":"https:\/\/vakantiehuiskleinwalsertal.nl\/de\/wp-json\/wp\/v2\/comments?post=862"}],"version-history":[{"count":38,"href":"https:\/\/vakantiehuiskleinwalsertal.nl\/de\/wp-json\/wp\/v2\/pages\/862\/revisions"}],"predecessor-version":[{"id":1151,"href":"https:\/\/vakantiehuiskleinwalsertal.nl\/de\/wp-json\/wp\/v2\/pages\/862\/revisions\/1151"}],"wp:attachment":[{"href":"https:\/\/vakantiehuiskleinwalsertal.nl\/de\/wp-json\/wp\/v2\/media?parent=862"}],"curies":[{"name":"wp","href":"https:\/\/api.w.org\/{rel}","templated":true}]}}