{"id":684,"date":"2020-03-12T11:13:27","date_gmt":"2020-03-12T11:13:27","guid":{"rendered":"https:\/\/vakantiehuiskleinwalsertal.nl\/?page_id=684"},"modified":"2020-06-09T12:31:32","modified_gmt":"2020-06-09T12:31:32","slug":"vakantiehuis-huren-mittelberg","status":"publish","type":"page","link":"https:\/\/vakantiehuiskleinwalsertal.nl\/de\/ferienwohnung-vermietung-mittelberg\/","title":{"rendered":"Mieten Sie ein Ferienhaus Mittelberg"},"content":{"rendered":"<section class=\"section dark has-parallax\" id=\"section_219458504\">\n\t\t<div class=\"bg section-bg fill bg-fill\" data-parallax-container=\".section\" data-parallax-background data-parallax=\"-3\">\n\n\t\t\t\n\t\t\t<div class=\"section-bg-overlay absolute fill\"><\/div>\n\t\t\t\n\n\t\t<\/div>\n\n\t\t<div class=\"section-content relative\">\n\t\t\t\n\n<div class=\"row\"  id=\"row-1459340062\">\n\n\n\t<div id=\"col-474003370\" class=\"col small-12 large-12\"  >\n\t\t<div class=\"col-inner text-center\"  >\n\t\t\t\n\t\t\t\n\n<h2>FERIENHAUSVERMIETUNG MITTELBERG<\/h2>\n<p>Bezauberndes Bergpanorama, Ruhe und Harmonie im Kleinwalsertal. Genie\u00dfen Sie die herrliche Wohnatmosph\u00e4re im Ferienhaus Verdoorn im Kleinwalsertal.<\/p>\n<div class=\"row align-center\"  id=\"row-876317931\">\n\n\n\t<div id=\"col-637515892\" class=\"col medium-9 small-12 large-6\"  >\n\t\t<div class=\"col-inner\"  >\n\t\t\t\n\t\t\t\n\n<div class=\"row row-collapse\"  id=\"row-1312547842\">\n\n\n\t<div id=\"col-2141909624\" class=\"col medium-6 small-12 large-6\"  >\n\t\t<div class=\"col-inner\"  >\n\t\t\t\n\t\t\t\n\n<a href=\"https:\/\/www.kleinwalsertal.com\/de\/Suchen-Buchen\/Unterkunft-buchen\/Unterkunftsliste\/Ferienhaus-Verdoorn_ad-52841\" target=\"_self\" class=\"button white expand\"  >\n    <span>Verf\u00fcgbarkeit<\/span>\n  <\/a>\n\n\n\n\t\t<\/div>\n\t\t\t<\/div>\n\n\t\n\n\t<div id=\"col-1305860263\" class=\"col medium-6 small-12 large-6\"  >\n\t\t<div class=\"col-inner\"  >\n\t\t\t\n\t\t\t\n\n<a href=\"https:\/\/www.kleinwalsertal.com\/de\/Suchen-Buchen\/Unterkunft-buchen\/Unterkunftsliste\/Ferienhaus-Verdoorn_ad-52841\" target=\"_self\" class=\"button white is-outline expand open-video\"  >\n    <span>Jetzt buchen<\/span>\n  <\/a>\n\n\n\n\t\t<\/div>\n\t\t\t<\/div>\n\n\t\n\n\n<style>\n#row-1312547842 > .col > .col-inner {\n  padding: 0px 0px 0px 0pxx;\n}\n@media (min-width:550px) {\n  #row-1312547842 > .col > .col-inner {\n    padding: 0px 5px 0px 5px;\n  }\n}\n<\/style>\n<\/div>\n\n\t\t<\/div>\n\t\t\t<\/div>\n\n\t\n\n<\/div>\n\n\t\t<\/div>\n\t\t\t<\/div>\n\n\t\n\n<\/div>\n\n\t\t<\/div>\n\n\t\t\n<style>\n#section_219458504 {\n  padding-top: 90px;\n  padding-bottom: 90px;\n}\n#section_219458504 .section-bg-overlay {\n  background-color: rgba(0, 0, 0, 0.4);\n}\n#section_219458504 .section-bg.bg-loaded {\n  background-image: url(https:\/\/vakantiehuiskleinwalsertal.nl\/wp-content\/uploads\/2020\/03\/Zomer-afbeelding-12.png);\n}\n#section_219458504 .section-bg {\n  background-position: 44% 70%;\n}\n@media (min-width:550px) {\n  #section_219458504 {\n    padding-top: 120px;\n    padding-bottom: 120px;\n  }\n}\n@media (min-width:850px) {\n  #section_219458504 {\n    padding-top: 140px;\n    padding-bottom: 140px;\n  }\n}\n<\/style>\n\t<\/section>\n\t\n\t<section class=\"section\" id=\"section_397028656\">\n\t\t<div class=\"bg section-bg fill bg-fill  bg-loaded\" >\n\n\t\t\t\n\t\t\t\n\t\t\t\n\n\t\t<\/div>\n\n\t\t<div class=\"section-content relative\">\n\t\t\t\n\n\t<div id=\"gap-624088725\" class=\"gap-element clearfix\" style=\"display:block; height:auto;\">\n\t\t\n<style>\n#gap-624088725 {\n  padding-top: 40px;\n}\n<\/style>\n\t<\/div>\n\t\n\n<div class=\"row align-center\"  id=\"row-1969592893\">\n\n\n\t<div id=\"col-74141697\" class=\"col medium-3 small-10 large-3\"  >\n\t\t<div class=\"col-inner\"  >\n\t\t\t\n\t\t\t\n\n<h3 class=\"\"><span style=\"font-size: 160%;\">Vielseitig \u00d6sterreich<\/span><\/h3>\n<a href=\"\/de\/contact\/\" target=\"_self\" class=\"button primary is-link\"  >\n    <span>Kontaktaufnahme mit uns<\/span>\n  <i class=\"icon-angle-right\" ><\/i><\/a>\n\n\n\n\t\t<\/div>\n\t\t\t<\/div>\n\n\t\n\n\t<div id=\"col-986302701\" class=\"col medium-9 small-10 large-9\"  >\n\t\t<div class=\"col-inner\"  >\n\t\t\t\n\t\t\t\n\n<div class=\"\">Wenn es ein vielseitiges Urlaubsziel gibt, dann ist es \u00d6sterreich. Dieses einzigartige Alpenland bietet f\u00fcr jeden etwas, wenn es um Urlaub zu allen Jahreszeiten geht. Ein herrlicher Schneeurlaub liegt nat\u00fcrlich auf der Hand, aber \u00d6sterreich ist auch im Fr\u00fchling, Sommer und Herbst ein wunderbares Urlaubsziel. Ein Ferienhaus in \u00d6sterreich ist daher eine perfekte Basis f\u00fcr einen wunderbaren Aufenthalt.<\/div>\n<h3>&nbsp;<\/h3>\n<h3 class=\"\">Ein Ferienhaus mieten<\/h3>\n<div class=\"\">Ein Ferienhaus in der Stadt Mittelberg mieten? Das Ferienhaus Verdoorn ist ein beliebtes Ferienhaus mit Blick auf die sch\u00f6ne Bergwelt des Kleinwalsertals. Von diesem Haus, das zentral direkt an der Piste liegt, k\u00f6nnen Sie mehrere D\u00f6rfer besuchen. Mittelberg ist ein gem\u00fctlicher Ort mit l\u00e4ndlicher Ausstrahlung.<\/div>\n<div>&nbsp;<\/div>\n<div>\n<h3 class=\"\">Ferienhaus Verdoorn bei Mittelberg<\/h3>\n<div class=\"\">Das Ferienhaus Verdoorn bei Mittelberg ist sowohl im Winter als auch im Sommer ein idealer Ort f\u00fcr Ihren Urlaub. Die Schneesicherheit ist sehr gro\u00df und die 122 km Pisten und 6 verschiedenen Skigebiete machen diesen Ort zu einem Gl\u00fccksfall f\u00fcr Wintersportler. Au\u00dferhalb der sch\u00f6nen Snowboard- und Skigebiete, die aus verschiedenen Pistentypen bestehen (42 km blaue, 50 km rote und 30 km schwarze Pisten), k\u00f6nnen Sie auch wandern und die sch\u00f6ne Natur genie\u00dfen. Vom Ferienhaus aus k\u00f6nnen Sie eine Winter- oder Sommerwanderung entlang der Breitach, dem ca. 20 km langen Gebirgsfluss, der durch das Kleinwalsertal flie\u00dft, unternehmen.<\/div>\n<div class=\"\">&nbsp;<\/div>\n<\/div>\n\n\t\t<\/div>\n\t\t\t<\/div>\n\n\t\n\n<\/div>\n\n\t\t<\/div>\n\n\t\t\n<style>\n#section_397028656 {\n  padding-top: 0px;\n  padding-bottom: 0px;\n}\n<\/style>\n\t<\/section>\n\t\n\t<section class=\"section\" id=\"section_201075065\">\n\t\t<div class=\"bg section-bg fill bg-fill  bg-loaded\" >\n\n\t\t\t\n\t\t\t\n\t\t\t\n\n\t\t<\/div>\n\n\t\t<div class=\"section-content relative\">\n\t\t\t\n\n<div class=\"row row-small\"  id=\"row-1216198241\">\n\n\n\t<div id=\"col-2125503893\" class=\"col medium-4 small-12 large-4\"  >\n\t\t<div class=\"col-inner\"  >\n\t\t\t\n\t\t\t\n\n\n  <div class=\"banner has-hover bg-overlay-add\" id=\"banner-1864149842\">\n          <div class=\"banner-inner fill\">\n        <div class=\"banner-bg fill\" >\n            <div class=\"bg fill bg-fill\"><\/div>\n                        <div class=\"overlay\"><\/div>            \n                    <\/div>\n        <div class=\"banner-layers container\">\n            <div class=\"fill banner-link\"><\/div>            \n\n   <div id=\"text-box-1169767191\" class=\"text-box banner-layer x50 md-x50 lg-x50 y50 md-y50 lg-y50 res-text\">\n       <div class=\"hover-zoom-in\">                         <div class=\"text-box-content text dark\">\n              \n              <div class=\"text-inner text-center\">\n                  \n\n<a href=\"https:\/\/vakantiehuiskleinwalsertal.nl\/de\/winter-2\/\" target=\"_self\" class=\"button white is-link is-large\"  >\n    <span>Winter<\/span>\n  <\/a>\n\n\n\n              <\/div>\n           <\/div>\n                     <\/div>       \n<style>\n#text-box-1169767191 {\n  width: 67%;\n}\n#text-box-1169767191 .text-box-content {\n  font-size: 286%;\n}\n<\/style>\n    <\/div>\n \n\n        <\/div>\n      <\/div>\n\n            \n<style>\n#banner-1864149842 {\n  padding-top: 360px;\n}\n#banner-1864149842 .bg.bg-loaded {\n  background-image: url(https:\/\/vakantiehuiskleinwalsertal.nl\/wp-content\/uploads\/2020\/03\/Winter-afbeelding-24.png);\n}\n#banner-1864149842 .overlay {\n  background-color: rgba(0,0,0,.5);\n}\n#banner-1864149842 .bg {\n  background-position: 42% 38%;\n}\n<\/style>\n  <\/div>\n\n\n\n\t\t<\/div>\n\t\t\t<\/div>\n\n\t\n\n\t<div id=\"col-1427881099\" class=\"col medium-4 small-12 large-4\"  >\n\t\t<div class=\"col-inner\"  >\n\t\t\t\n\t\t\t\n\n\n  <div class=\"banner has-hover bg-overlay-add\" id=\"banner-1322507281\">\n          <div class=\"banner-inner fill\">\n        <div class=\"banner-bg fill\" >\n            <div class=\"bg fill bg-fill\"><\/div>\n                        <div class=\"overlay\"><\/div>            \n                    <\/div>\n        <div class=\"banner-layers container\">\n            <a class=\"fill\" href=\"\/de\/het-huis\/\"  ><div class=\"fill banner-link\"><\/div><\/a>            \n\n   <div id=\"text-box-1457235938\" class=\"text-box banner-layer x50 md-x50 lg-x50 y50 md-y50 lg-y50 res-text\">\n       <div class=\"hover-zoom-in\">                         <div class=\"text-box-content text dark\">\n              \n              <div class=\"text-inner text-center\">\n                  \n\n<a href=\"https:\/\/vakantiehuiskleinwalsertal.nl\/de\/het-huis\/\" target=\"_self\" class=\"button white is-link is-large\"  >\n    <span>Das Haus<\/span>\n  <\/a>\n\n\n\n              <\/div>\n           <\/div>\n                     <\/div>       \n<style>\n#text-box-1457235938 {\n  width: 67%;\n}\n#text-box-1457235938 .text-box-content {\n  font-size: 287%;\n}\n<\/style>\n    <\/div>\n \n\n        <\/div>\n      <\/div>\n\n            \n<style>\n#banner-1322507281 {\n  padding-top: 360px;\n}\n#banner-1322507281 .bg.bg-loaded {\n  background-image: url(https:\/\/vakantiehuiskleinwalsertal.nl\/wp-content\/uploads\/2020\/03\/treppenhaus_348153.jpeg);\n}\n#banner-1322507281 .overlay {\n  background-color: rgba(0,0,0,.5);\n}\n#banner-1322507281 .bg {\n  background-position: 51% 45%;\n}\n<\/style>\n  <\/div>\n\n\n\n\t\t<\/div>\n\t\t\t<\/div>\n\n\t\n\n\t<div id=\"col-1790235480\" class=\"col medium-4 small-12 large-4\"  >\n\t\t<div class=\"col-inner\"  >\n\t\t\t\n\t\t\t\n\n\n  <div class=\"banner has-hover bg-overlay-add\" id=\"banner-631386411\">\n          <div class=\"banner-inner fill\">\n        <div class=\"banner-bg fill\" >\n            <div class=\"bg fill bg-fill\"><\/div>\n                        <div class=\"overlay\"><\/div>            \n                    <\/div>\n        <div class=\"banner-layers container\">\n            <div class=\"fill banner-link\"><\/div>            \n\n   <div id=\"text-box-276044768\" class=\"text-box banner-layer x50 md-x50 lg-x50 y50 md-y50 lg-y50 res-text\">\n       <div class=\"hover-zoom-in\">                         <div class=\"text-box-content text dark\">\n              \n              <div class=\"text-inner text-center\">\n                  \n\n<a href=\"https:\/\/vakantiehuiskleinwalsertal.nl\/de\/zomer\/\" target=\"_self\" class=\"button white is-link is-large\"  >\n    <span>Sommer<\/span>\n  <\/a>\n\n\n\n              <\/div>\n           <\/div>\n                     <\/div>       \n<style>\n#text-box-276044768 {\n  width: 68%;\n}\n#text-box-276044768 .text-box-content {\n  font-size: 290%;\n}\n<\/style>\n    <\/div>\n \n\n        <\/div>\n      <\/div>\n\n            \n<style>\n#banner-631386411 {\n  padding-top: 360px;\n}\n#banner-631386411 .bg.bg-loaded {\n  background-image: url(https:\/\/vakantiehuiskleinwalsertal.nl\/wp-content\/uploads\/2020\/03\/Zomer-afbeelding-10.png);\n}\n#banner-631386411 .overlay {\n  background-color: rgba(0,0,0,.5);\n}\n#banner-631386411 .bg {\n  background-position: 42% 38%;\n}\n<\/style>\n  <\/div>\n\n\n\n\t\t<\/div>\n\t\t\t<\/div>\n\n\t\n\n<\/div>\n\n\t\t<\/div>\n\n\t\t\n<style>\n#section_201075065 {\n  padding-top: 0px;\n  padding-bottom: 0px;\n  background-color: rgb(255, 255, 255);\n}\n<\/style>\n\t<\/section>\n\t\n\t<div id=\"gap-1774370549\" class=\"gap-element clearfix\" style=\"display:block; height:auto;\">\n\t\t\n<style>\n#gap-1774370549 {\n  padding-top: 51px;\n}\n<\/style>\n\t<\/div>\n\t\n\n\t<section class=\"section\" id=\"section_147912135\">\n\t\t<div class=\"bg section-bg fill bg-fill  bg-loaded\" >\n\n\t\t\t\n\t\t\t\n\t\t\t\n\n\t\t<\/div>\n\n\t\t<div class=\"section-content relative\">\n\t\t\t\n\n<div class=\"row\"  id=\"row-926386537\">\n\n\n\t<div id=\"col-1692486052\" class=\"col small-12 large-12\"  >\n\t\t<div class=\"col-inner\"  >\n\t\t\t\n\t\t\t\n\n<div class=\"row\"  id=\"row-1379115824\">\n\n\n\t<div id=\"col-393048267\" class=\"col small-12 large-12\"  >\n\t\t<div class=\"col-inner\"  >\n\t\t\t\n\t\t\t\n\n<h2 class=\"\">Ferienhaus in Mittelberg: Haus Verdoorn<\/h2>\n<div class=\"\">Das Ferienhaus Verdoorn ist ein Ort, an dem Sie sich als Paar oder in gro\u00dfer Zahl entspannen und genie\u00dfen k\u00f6nnen. Sie k\u00f6nnen zum Beispiel w\u00e4hlen, ob Sie mit der ganzen Familie zu uns kommen wollen. Das Haus besteht aus zwei Wohnungen, eine gro\u00dfe mit einer Wohnfl\u00e4che von 150m2, aufgeteilt auf das Erdgeschoss und eine Wohnung im Untergeschoss mit einer Fl\u00e4che von 70m2. Das Haus kann als Ganzes oder in zwei separaten Wohnungen gemietet werden.<\/div>\n\n\t\t<\/div>\n\t\t\t<\/div>\n\n\t\n\n<\/div>\n\n\t\t<\/div>\n\t\t\t<\/div>\n\n\t\n\n\t<div id=\"col-182710531\" class=\"col small-12 large-12\"  >\n\t\t<div class=\"col-inner\"  >\n\t\t\t\n\t\t\t\n\n<div class=\"row\"  id=\"row-1322695487\">\n\n\n\t<div id=\"col-1349975735\" class=\"col small-12 large-12\"  >\n\t\t<div class=\"col-inner\"  >\n\t\t\t\n\t\t\t\n\n<div class=\"row\"  id=\"row-2002945741\">\n\n\n\t<div id=\"col-158470434\" class=\"col medium-3 small-12 large-3\"  >\n\t\t<div class=\"col-inner\"  >\n\t\t\t\n\t\t\t\n\n<h3><span style=\"color: #7a9c59;\">Das 150m2 gro\u00dfe Ferienhaus<\/span><\/h3>\n<ul>\n<li>Verf\u00fcgbar f\u00fcr 8 Personen<\/li>\n<li>Eine gro\u00dfe K\u00fcche<\/li>\n<li>Ein Ofen<\/li>\n<li>Ein Geschirrsp\u00fcler<\/li>\n<li>Esstisch mit Platz f\u00fcr 10 Personen<\/li>\n<li>Ein Holzofen<\/li>\n<li>2 separate Toiletten<\/li>\n<li>2 B\u00e4der<\/li>\n<li>Finnische Sauna<\/li>\n<\/ul>\n\n\t\t<\/div>\n\t\t\t<\/div>\n\n\t\n\n\t<div id=\"col-158068575\" class=\"col medium-5 small-12 large-5 col-divided\"  >\n\t\t<div class=\"col-inner\"  >\n\t\t\t\n\t\t\t\n\n<p>&nbsp;<\/p>\n<ul>\n<li>2 Balkone nach S\u00fcd-Ost<\/li>\n<li>3 Schlafzimmer<\/li>\n<li>3 x 2 Betten mit Doppelmatratzen<\/li>\n<li>Schlafsofa f\u00fcr 2 Personen<\/li>\n<li>Ein Fernseher<\/li>\n<li>Wifi ist verf\u00fcgbar<\/li>\n<\/ul>\n\n\t\t<\/div>\n\t\t\t<\/div>\n\n\t\n\n\t<div id=\"col-629288918\" class=\"col medium-4 small-12 large-4\"  >\n\t\t<div class=\"col-inner\"  >\n\t\t\t\n\t\t\t\n\n<h3><span style=\"color: #7a9c59\">Das 70m2 gro\u00dfe Ferienhaus<\/span><\/h3>\n<ul>\n<li>Verf\u00fcgbar f\u00fcr 6 Personen<\/li>\n<li>Herrlicher Bergblick<\/li>\n<li>Ein Geschirrsp\u00fcler<\/li>\n<li>Ein Ofen<\/li>\n<li>2 B\u00e4der mit Dusche und Toilette<\/li>\n<li>2 Schlafzimmer<\/li>\n<li>Wohnzimmer hat ein Schlafsofa<\/li>\n<li>Ein Fernseher<\/li>\n<li>Wifi ist verf\u00fcgbar<\/li>\n<\/ul>\n\n\t\t<\/div>\n\t\t\t<\/div>\n\n\t\n\n<\/div>\n\n\t\t<\/div>\n\t\t\t<\/div>\n\n\t\n\n<\/div>\n\n\t\t<\/div>\n\t\t\t<\/div>\n\n\t\n\n<\/div>\n\n\t\t<\/div>\n\n\t\t\n<style>\n#section_147912135 {\n  padding-top: 30px;\n  padding-bottom: 30px;\n  background-color: rgb(242, 242, 242);\n}\n<\/style>\n\t<\/section>\n\t\n\t<section class=\"section\" id=\"section_1596234086\">\n\t\t<div class=\"bg section-bg fill bg-fill\" >\n\n\t\t\t\n\t\t\t<div class=\"section-bg-overlay absolute fill\"><\/div>\n\t\t\t\n\n\t\t<\/div>\n\n\t\t<div class=\"section-content relative\">\n\t\t\t\n\n\t<div id=\"gap-1181711551\" class=\"gap-element clearfix\" style=\"display:block; height:auto;\">\n\t\t\n<style>\n#gap-1181711551 {\n  padding-top: 8px;\n}\n<\/style>\n\t<\/div>\n\t\n\n<div class=\"row row-collapse align-center\"  id=\"row-905983192\">\n\n\n\t<div id=\"col-1500108679\" class=\"col medium-6 small-11 large-6\"  >\n\t\t<div class=\"col-inner text-center\"  >\n\t\t\t\n\t\t\t\n\n\n  <div class=\"banner has-hover\" id=\"banner-1808269173\">\n          <div class=\"banner-inner fill\">\n        <div class=\"banner-bg fill\" >\n            <div class=\"bg fill bg-fill\"><\/div>\n                                    \n                    <\/div>\n        <div class=\"banner-layers container\">\n            <div class=\"fill banner-link\"><\/div>            \n\n   <div id=\"text-box-672081759\" class=\"text-box banner-layer x50 md-x50 lg-x50 y50 md-y50 lg-y50 res-text\">\n                                <div class=\"text-box-content text\">\n              \n              <div class=\"text-inner text-center\">\n                  \n\n<h1 style=\"text-align: center;\"><span style=\"font-size: 90%;\">VERF\u00dcGBARKEIT PR\u00dcFEN<\/span><\/h1>\n<p style=\"text-align: center;\"><span style=\"font-size: 160%;\">Nachfolgend finden Sie die Verf\u00fcgbarkeit des Ferienhauses.<\/span><\/p>\n<p>&nbsp;<\/p>\n<a href=\"https:\/\/www.kleinwalsertal.com\/de\/Suchen-Buchen\/Unterkunft-buchen\/Unterkunftsliste\/Ferienhaus-Verdoorn_ad-52841\" target=\"_self\" class=\"button success is-xxlarge\"  >\n    <span>Verf\u00fcgbarkeit<\/span>\n  <\/a>\n\n\n\n              <\/div>\n           <\/div>\n                            \n<style>\n#text-box-672081759 {\n  width: 78%;\n}\n#text-box-672081759 .text-box-content {\n  font-size: 100%;\n}\n<\/style>\n    <\/div>\n \n\n        <\/div>\n      <\/div>\n\n            \n<style>\n#banner-1808269173 {\n  padding-top: 500px;\n  background-color: rgb(255,255,255);\n}\n<\/style>\n  <\/div>\n\n\n\n\t\t<\/div>\n\t\t\t<\/div>\n\n\t\n\n\t<div id=\"col-1476962796\" class=\"col medium-6 small-11 large-6\"  >\n\t\t<div class=\"col-inner\"  >\n\t\t\t\n\t\t\t\n\n\n  <div class=\"banner has-hover\" id=\"banner-1195575181\">\n          <div class=\"banner-inner fill\">\n        <div class=\"banner-bg fill\" >\n            <div class=\"bg fill bg-fill\"><\/div>\n                                    \n                    <\/div>\n        <div class=\"banner-layers container\">\n            <div class=\"fill banner-link\"><\/div>            \n\n\n        <\/div>\n      <\/div>\n\n            \n<style>\n#banner-1195575181 {\n  padding-top: 500px;\n  background-color: rgb(228, 228, 228);\n}\n#banner-1195575181 .bg.bg-loaded {\n  background-image: url(https:\/\/vakantiehuiskleinwalsertal.nl\/wp-content\/uploads\/2020\/03\/Winter-afbeelding-22.png);\n}\n<\/style>\n  <\/div>\n\n\n\n\t\t<\/div>\n\t\t\t<\/div>\n\n\t\n\n<\/div>\n\n\t\t<\/div>\n\n\t\t\n<style>\n#section_1596234086 {\n  padding-top: 68px;\n  padding-bottom: 68px;\n}\n#section_1596234086 .section-bg-overlay {\n  background-color: rgba(0,0,0,.5);\n}\n#section_1596234086 .section-bg.bg-loaded {\n  background-image: url(https:\/\/vakantiehuiskleinwalsertal.nl\/wp-content\/uploads\/2020\/03\/Winter-afbeelding-22.png);\n}\n#section_1596234086 .section-bg {\n  background-position: 66% 46%;\n}\n<\/style>\n\t<\/section>\n\t\n\t<section class=\"section\" id=\"section_1452618134\">\n\t\t<div class=\"bg section-bg fill bg-fill  bg-loaded\" >\n\n\t\t\t\n\t\t\t\n\t\t\t\n\n\t\t<\/div>\n\n\t\t<div class=\"section-content relative\">\n\t\t\t\n\n<div class=\"row align-center\"  id=\"row-1679974087\">\n\n\n\t<div id=\"col-821232502\" class=\"col medium-10 small-10 large-8\"  >\n\t\t<div class=\"col-inner text-center\"  >\n\t\t\t\n\t\t\t\n\n<h6>Umgebungen<\/h6>\n<h3>Mittelberg&nbsp;<\/h3>\n<p>Mittelberg zeichnet sich durch seine unber\u00fchrte Natur und atemberaubende Bergkulisse aus. Es ist ein vielseitiges Urlaubsziel, in dem sich jeder Skifahrer zu Hause f\u00fchlt. Kurzum, ein idealer Ort, um ein Ferienhaus zu mieten. Buchen Sie Ihren Aufenthalt online oder kontaktieren Sie uns \u00fcber unser Kontaktformular. Sie k\u00f6nnen uns auch kontaktieren \u00fcber&nbsp;<a href=\"tel:0031653789300\">31 (0) 6 537 893 00<\/a>&nbsp;oder per Post an&nbsp;<a href=\"mailto:ferienhausverdoorn@gmail.com\">ferienhausverdoorn@gmail.com<\/a>. Warten Sie nicht zu lange, voll = voll. Die perfekte Wohnung in Mittelberg.<\/p>\n\t<div id=\"gap-1727341442\" class=\"gap-element clearfix\" style=\"display:block; height:auto;\">\n\t\t\n<style>\n#gap-1727341442 {\n  padding-top: 30px;\n}\n<\/style>\n\t<\/div>\n\t\n\n\n  <div class=\"banner has-hover\" id=\"banner-1525036737\">\n          <div class=\"banner-inner fill\">\n        <div class=\"banner-bg fill\" >\n            <div class=\"bg fill bg-fill\"><\/div>\n                                    \n                    <\/div>\n        <div class=\"banner-layers container\">\n            <div class=\"fill banner-link\"><\/div>            \n\n   <div id=\"text-box-1722658026\" class=\"text-box banner-layer x50 md-x50 lg-x50 y50 md-y50 lg-y50 res-text\">\n                                <div class=\"text-box-content text dark\">\n              \n              <div class=\"text-inner text-center\">\n                  \n\n\n              <\/div>\n           <\/div>\n                            \n<style>\n#text-box-1722658026 {\n  width: 60%;\n}\n#text-box-1722658026 .text-box-content {\n  font-size: 100%;\n}\n@media (min-width:550px) {\n  #text-box-1722658026 {\n    width: 60%;\n  }\n}\n<\/style>\n    <\/div>\n \n\n        <\/div>\n      <\/div>\n\n            \n<style>\n#banner-1525036737 {\n  padding-top: 300px;\n  background-color: rgb(255,255,255);\n}\n#banner-1525036737 .bg.bg-loaded {\n  background-image: url(https:\/\/vakantiehuiskleinwalsertal.nl\/wp-content\/uploads\/2020\/03\/Winter-afbeelding-31.png);\n}\n@media (min-width:550px) {\n  #banner-1525036737 {\n    padding-top: 400px;\n  }\n}\n@media (min-width:850px) {\n  #banner-1525036737 {\n    padding-top: 500px;\n  }\n}\n<\/style>\n  <\/div>\n\n\n\n\t\t<\/div>\n\t\t\n<style>\n#col-821232502 > .col-inner {\n  padding: 60px 0px 0px 0px;\n  margin: 0px 0px -100px 0px;\n}\n<\/style>\n\t<\/div>\n\n\t\n\n<\/div>\n\n\t\t<\/div>\n\n\t\t\n<style>\n#section_1452618134 {\n  padding-top: 30px;\n  padding-bottom: 30px;\n  background-color: rgb(249, 247, 244);\n}\n<\/style>\n\t<\/section>\n\t\n\t<section class=\"section dark\" id=\"section_961503815\">\n\t\t<div class=\"bg section-bg fill bg-fill  bg-loaded\" >\n\n\t\t\t\n\t\t\t\n\t\t\t\n\n\t\t<\/div>\n\n\t\t<div class=\"section-content relative\">\n\t\t\t\n\n\t<div id=\"gap-249744072\" class=\"gap-element clearfix\" style=\"display:block; height:auto;\">\n\t\t\n<style>\n#gap-249744072 {\n  padding-top: 50px;\n}\n<\/style>\n\t<\/div>\n\t\n\n<div class=\"row\"  id=\"row-914019620\">\n\n\n\t<div id=\"col-1030586533\" class=\"col medium-9 small-12 large-9\"  >\n\t\t<div class=\"col-inner\"  >\n\t\t\t\n\t\t\t\n\n<h2>Mittelberg entdecken<\/h2>\n<p>Bereit f\u00fcr Ihren Urlaub in \u00d6sterreich?<\/p>\n\n\t\t<\/div>\n\t\t\t<\/div>\n\n\t\n\n\t<div id=\"col-208690706\" class=\"col medium-3 small-12 large-3\"  >\n\t\t<div class=\"col-inner\"  >\n\t\t\t\n\t\t\t\n\n<a href=\"https:\/\/www.kleinwalsertal.com\/de\/Suchen-Buchen\/Unterkunft-buchen\/Unterkunftsliste\/Ferienhaus-Verdoorn_ad-52841?activeTab=%23rooms\" target=\"_self\" class=\"button success expand\"  >\n    <span>Preise<\/span>\n  <\/a>\n\n\n<a href=\"https:\/\/www.kleinwalsertal.com\/de\/Suchen-Buchen\/Unterkunft-buchen\/Unterkunftsliste\/Ferienhaus-Verdoorn_ad-52841\" target=\"_self\" class=\"button white expand\"  >\n    <span>Jetzt buchen<\/span>\n  <\/a>\n\n\n\n\t\t<\/div>\n\t\t\t<\/div>\n\n\t\n\n<\/div>\n\n\t\t<\/div>\n\n\t\t\n<style>\n#section_961503815 {\n  padding-top: 0px;\n  padding-bottom: 0px;\n  background-color: rgb(61, 56, 58);\n}\n<\/style>\n\t<\/section>","protected":false},"excerpt":{"rendered":"","protected":false},"author":2,"featured_media":0,"parent":0,"menu_order":0,"comment_status":"closed","ping_status":"closed","template":"page-blank.php","meta":{"footnotes":""},"class_list":["post-684","page","type-page","status-publish","hentry"],"_links":{"self":[{"href":"https:\/\/vakantiehuiskleinwalsertal.nl\/de\/wp-json\/wp\/v2\/pages\/684","targetHints":{"allow":["GET"]}}],"collection":[{"href":"https:\/\/vakantiehuiskleinwalsertal.nl\/de\/wp-json\/wp\/v2\/pages"}],"about":[{"href":"https:\/\/vakantiehuiskleinwalsertal.nl\/de\/wp-json\/wp\/v2\/types\/page"}],"author":[{"embeddable":true,"href":"https:\/\/vakantiehuiskleinwalsertal.nl\/de\/wp-json\/wp\/v2\/users\/2"}],"replies":[{"embeddable":true,"href":"https:\/\/vakantiehuiskleinwalsertal.nl\/de\/wp-json\/wp\/v2\/comments?post=684"}],"version-history":[{"count":12,"href":"https:\/\/vakantiehuiskleinwalsertal.nl\/de\/wp-json\/wp\/v2\/pages\/684\/revisions"}],"predecessor-version":[{"id":829,"href":"https:\/\/vakantiehuiskleinwalsertal.nl\/de\/wp-json\/wp\/v2\/pages\/684\/revisions\/829"}],"wp:attachment":[{"href":"https:\/\/vakantiehuiskleinwalsertal.nl\/de\/wp-json\/wp\/v2\/media?parent=684"}],"curies":[{"name":"wp","href":"https:\/\/api.w.org\/{rel}","templated":true}]}}