{"id":432,"date":"2020-02-27T11:33:11","date_gmt":"2020-02-27T11:33:11","guid":{"rendered":"https:\/\/vakantiehuiskleinwalsertal.nl\/?page_id=432"},"modified":"2025-12-01T12:34:57","modified_gmt":"2025-12-01T12:34:57","slug":"appartement-kleinwalsertal","status":"publish","type":"page","link":"https:\/\/vakantiehuiskleinwalsertal.nl\/de\/wohnung-kleinwalsertal\/","title":{"rendered":"Wohnung kleinwalsertal"},"content":{"rendered":"<section class=\"section dark has-parallax\" id=\"section_1571304476\">\n\t\t<div class=\"bg section-bg fill bg-fill\" data-parallax-container=\".section\" data-parallax-background data-parallax=\"-3\">\n\n\t\t\t\n\t\t\t<div class=\"section-bg-overlay absolute fill\"><\/div>\n\t\t\t\n\n\t\t<\/div>\n\n\t\t<div class=\"section-content relative\">\n\t\t\t\n\n<div class=\"row\"  id=\"row-595915917\">\n\n\n\t<div id=\"col-259460455\" class=\"col small-12 large-12\"  >\n\t\t<div class=\"col-inner text-center\"  >\n\t\t\t\n\t\t\t\n\n<h2>DAS HAUS<\/h2>\n<div class=\"row align-center\"  id=\"row-1497629783\">\n\n\n\t<div id=\"col-503218948\" class=\"col medium-9 small-12 large-6\"  >\n\t\t<div class=\"col-inner\"  >\n\t\t\t\n\t\t\t\n\n<div class=\"row row-collapse\"  id=\"row-1032610893\">\n\n\n\t<div id=\"col-633523375\" class=\"col medium-6 small-12 large-6\"  >\n\t\t<div class=\"col-inner\"  >\n\t\t\t\n\t\t\t\n\n<a href=\"\/de\/beschikbaarheid\/\" target=\"_self\" class=\"button white expand\"  >\n    <span>Verf\u00fcgbarkeit<\/span>\n  <\/a>\n\n\n\n\t\t<\/div>\n\t\t\t<\/div>\n\n\t\n\n\t<div id=\"col-711357152\" class=\"col medium-6 small-12 large-6\"  >\n\t\t<div class=\"col-inner\"  >\n\t\t\t\n\t\t\t\n\n<a href=\"https:\/\/www.kleinwalsertal.com\/de\/Suchen-Buchen\/Unterkunft-buchen\/Unterkunftsliste\/Ferienhaus-Verdoorn_ad-52841?activeTab=%23rooms\" target=\"_self\" class=\"button white is-outline expand open-video\"  >\n    <span>Jetzt buchen<\/span>\n  <\/a>\n\n\n\n\t\t<\/div>\n\t\t\t<\/div>\n\n\t\n\n\n<style>\n#row-1032610893 > .col > .col-inner {\n  padding: 0px 0px 0px 0pxx;\n}\n@media (min-width:550px) {\n  #row-1032610893 > .col > .col-inner {\n    padding: 0px 5px 0px 5px;\n  }\n}\n<\/style>\n<\/div>\n\n\t\t<\/div>\n\t\t\t<\/div>\n\n\t\n\n<\/div>\n\n\t\t<\/div>\n\t\t\t<\/div>\n\n\t\n\n<\/div>\n\n\t\t<\/div>\n\n\t\t\n<style>\n#section_1571304476 {\n  padding-top: 90px;\n  padding-bottom: 90px;\n}\n#section_1571304476 .section-bg-overlay {\n  background-color: rgba(0, 0, 0, 0.4);\n}\n#section_1571304476 .section-bg.bg-loaded {\n  background-image: url(https:\/\/vakantiehuiskleinwalsertal.nl\/wp-content\/uploads\/2020\/03\/Winter-afbeelding-17.png);\n}\n#section_1571304476 .section-bg {\n  background-position: 50% 42%;\n}\n@media (min-width:550px) {\n  #section_1571304476 {\n    padding-top: 120px;\n    padding-bottom: 120px;\n  }\n}\n@media (min-width:850px) {\n  #section_1571304476 {\n    padding-top: 140px;\n    padding-bottom: 140px;\n  }\n}\n<\/style>\n\t<\/section>\n\t\n\t<section class=\"section\" id=\"section_2131968186\">\n\t\t<div class=\"bg section-bg fill bg-fill  bg-loaded\" >\n\n\t\t\t\n\t\t\t\n\t\t\t\n\n\t\t<\/div>\n\n\t\t<div class=\"section-content relative\">\n\t\t\t\n\n\t<div id=\"gap-2053521201\" class=\"gap-element clearfix\" style=\"display:block; height:auto;\">\n\t\t\n<style>\n#gap-2053521201 {\n  padding-top: 40px;\n}\n<\/style>\n\t<\/div>\n\t\n\n<div class=\"row align-center\"  id=\"row-834936769\">\n\n\n\t<div id=\"col-270579765\" class=\"col medium-4 small-10 large-4\"  >\n\t\t<div class=\"col-inner\"  >\n\t\t\t\n\t\t\t\n\n<h1 class=\"\"><span style=\"font-size: 150%;\">Wohnung Kleinwalsertal<\/span><\/h1>\n<a href=\"\/de\/reserveren\/\" target=\"_self\" class=\"button primary is-link\"  >\n    <span>RESERVIEREN<\/span>\n  <i class=\"icon-angle-right\" ><\/i><\/a>\n\n\n\n\t\t<\/div>\n\t\t\t<\/div>\n\n\t\n\n\t<div id=\"col-1530319443\" class=\"col medium-8 small-10 large-8\"  >\n\t\t<div class=\"col-inner\"  >\n\t\t\t\n\t\t\t\n\n<p>Sie suchen eine Ferienwohnung im Kleinwalsertal f\u00fcr den Sommer oder Winter? Dann ist das Ferienhaus Verdoorn in Mittelberg eine Top-Unterkunft. \u00d6sterreich hat sowohl im Winter als auch im Sommer eine wundersch\u00f6ne Naturlandschaft. Das Ferienhaus Verdoorn befindet sich im \u00f6sterreichischen Mittelberg (Kleinwalsertal) und hat die ideale Lage. Das Kleinwalsertal, auch bekannt als kleines Walsertal, ist ein Tal im \u00f6sterreichischen Bundesland Vorarlberg. Vom Ferienhaus Verdoorn aus haben Sie eine wundersch\u00f6ne Aussicht auf die Berge, was zum ultimativen Urlaubsgef\u00fchl beitr\u00e4gt.<\/p>\n<h3 class=\"\">Wohnung f\u00fcr Familie und Freunde<\/h3>\n<div class=\"\">Die Ferienwohnung im Kleinwalsertal ist f\u00fcr Familie und Freunde geeignet. Das Haus bietet Ihnen allen Platz, den Sie brauchen, um die sch\u00f6ne Landschaft, die Pisten und die sch\u00f6nen D\u00f6rfer zu genie\u00dfen. Auch bei einer kleineren Gesellschaft sind Sie im Ferienhaus Verdoorn am H\u00f6flerweg in Mittelberg an der richtigen Adresse. Das Ferienhaus im Kleinwalsertal ist in ca. 8 Stunden von der Mitte der Niederlande aus zu erreichen.<\/div>\n<h3 class=\"\">Winter im Kleinwalsertal<\/h3>\n<div class=\"\">Das Kleinwalsertal ist ein schneesicheres Skigebiet mit sch\u00f6nen D\u00f6rfern und vielen abwechslungsreichen Pisten, aufgeteilt auf 6 Skigebiete. Der h\u00f6chste Punkt ist 2.224 Meter. Pisten f\u00fcr jedes Niveau, vom Anf\u00e4nger bis zum erfahrenen Skifahrer, endlose Wanderwege und Loipen. Ein echter Abenteurer? Dann begeben Sie sich auf ein Abenteuer mit dem Huskyschlitten oder besuchen Sie die zauberhafte Breitachklamm. In der Umgebung des Kleinwalsertals ist alles m\u00f6glich.<\/div>\n\n\t\t<\/div>\n\t\t\t<\/div>\n\n\t\n\n<\/div>\n\n\t\t<\/div>\n\n\t\t\n<style>\n#section_2131968186 {\n  padding-top: 30px;\n  padding-bottom: 30px;\n}\n<\/style>\n\t<\/section>\n\t\n\t<section class=\"section\" id=\"section_1531808270\">\n\t\t<div class=\"bg section-bg fill bg-fill  bg-loaded\" >\n\n\t\t\t\n\t\t\t\n\t\t\t\n\n\t\t<\/div>\n\n\t\t<div class=\"section-content relative\">\n\t\t\t\n\n<div class=\"row row-small\"  id=\"row-1827779666\">\n\n\n\t<div id=\"col-73994558\" class=\"col medium-4 small-12 large-4\"  >\n\t\t<div class=\"col-inner\"  >\n\t\t\t\n\t\t\t\n\n\n  <div class=\"banner has-hover bg-overlay-add\" id=\"banner-1185088769\">\n          <div class=\"banner-inner fill\">\n        <div class=\"banner-bg fill\" >\n            <div class=\"bg fill bg-fill\"><\/div>\n                        <div class=\"overlay\"><\/div>            \n                    <\/div>\n        <div class=\"banner-layers container\">\n            <div class=\"fill banner-link\"><\/div>            \n\n   <div id=\"text-box-982699035\" class=\"text-box banner-layer x50 md-x50 lg-x50 y50 md-y50 lg-y50 res-text\">\n       <div class=\"hover-zoom-in\">                         <div class=\"text-box-content text dark\">\n              \n              <div class=\"text-inner text-center\">\n                  \n\n<h2><span style=\"font-size: 130%;\"><a href=\"https:\/\/vakantiehuiskleinwalsertal.nl\/de\/het-huis\/\">Das Haus<\/a><\/span><\/h2>\n\n              <\/div>\n           <\/div>\n                     <\/div>       \n<style>\n#text-box-982699035 {\n  width: 60%;\n}\n#text-box-982699035 .text-box-content {\n  font-size: 100%;\n}\n<\/style>\n    <\/div>\n \n\n        <\/div>\n      <\/div>\n\n            \n<style>\n#banner-1185088769 {\n  padding-top: 360px;\n}\n#banner-1185088769 .bg.bg-loaded {\n  background-image: url(https:\/\/vakantiehuiskleinwalsertal.nl\/wp-content\/uploads\/2020\/03\/kueche-oben_348157.jpeg);\n}\n#banner-1185088769 .overlay {\n  background-color: rgba(0,0,0,.5);\n}\n#banner-1185088769 .bg {\n  background-position: 42% 38%;\n}\n<\/style>\n  <\/div>\n\n\n\n\t\t<\/div>\n\t\t\t<\/div>\n\n\t\n\n\t<div id=\"col-39719745\" class=\"col medium-4 small-12 large-4\"  >\n\t\t<div class=\"col-inner\"  >\n\t\t\t\n\t\t\t\n\n\n  <div class=\"banner has-hover bg-overlay-add\" id=\"banner-1154780369\">\n          <div class=\"banner-inner fill\">\n        <div class=\"banner-bg fill\" >\n            <div class=\"bg fill bg-fill\"><\/div>\n                        <div class=\"overlay\"><\/div>            \n                    <\/div>\n        <div class=\"banner-layers container\">\n            <div class=\"fill banner-link\"><\/div>            \n\n   <div id=\"text-box-423405997\" class=\"text-box banner-layer x50 md-x50 lg-x50 y50 md-y50 lg-y50 res-text\">\n       <div class=\"hover-zoom-in\">                         <div class=\"text-box-content text dark\">\n              \n              <div class=\"text-inner text-center\">\n                  \n\n<h2><a href=\"https:\/\/vakantiehuiskleinwalsertal.nl\/de\/appartement-mittelburg\/\"><span style=\"font-size: 130%;\">Wohnung Mittelberg<\/span><\/a><\/h2>\n\n              <\/div>\n           <\/div>\n                     <\/div>       \n<style>\n#text-box-423405997 {\n  width: 60%;\n}\n#text-box-423405997 .text-box-content {\n  font-size: 100%;\n}\n<\/style>\n    <\/div>\n \n\n        <\/div>\n      <\/div>\n\n            \n<style>\n#banner-1154780369 {\n  padding-top: 360px;\n}\n#banner-1154780369 .bg.bg-loaded {\n  background-image: url(https:\/\/vakantiehuiskleinwalsertal.nl\/wp-content\/uploads\/2020\/03\/Winter-afbeelding-30.png);\n}\n#banner-1154780369 .overlay {\n  background-color: rgba(0,0,0,.5);\n}\n#banner-1154780369 .bg {\n  background-position: 51% 45%;\n}\n<\/style>\n  <\/div>\n\n\n\n\t\t<\/div>\n\t\t\t<\/div>\n\n\t\n\n\t<div id=\"col-1101575368\" class=\"col medium-4 small-12 large-4\"  >\n\t\t<div class=\"col-inner\"  >\n\t\t\t\n\t\t\t\n\n\n  <div class=\"banner has-hover bg-overlay-add\" id=\"banner-1687539571\">\n          <div class=\"banner-inner fill\">\n        <div class=\"banner-bg fill\" >\n            <div class=\"bg fill bg-fill\"><\/div>\n                        <div class=\"overlay\"><\/div>            \n                    <\/div>\n        <div class=\"banner-layers container\">\n            <div class=\"fill banner-link\"><\/div>            \n\n   <div id=\"text-box-1244098358\" class=\"text-box banner-layer x50 md-x50 lg-x50 y50 md-y50 lg-y50 res-text\">\n       <div class=\"hover-zoom-in\">                         <div class=\"text-box-content text dark\">\n              \n              <div class=\"text-inner text-center\">\n                  \n\n<h2><span style=\"font-size: 130%;\"><a href=\"https:\/\/vakantiehuiskleinwalsertal.nl\/de\/verhuur\/\">Vermietung<\/a><\/span><\/h2>\n\n              <\/div>\n           <\/div>\n                     <\/div>       \n<style>\n#text-box-1244098358 {\n  width: 60%;\n}\n#text-box-1244098358 .text-box-content {\n  font-size: 100%;\n}\n<\/style>\n    <\/div>\n \n\n        <\/div>\n      <\/div>\n\n            \n<style>\n#banner-1687539571 {\n  padding-top: 360px;\n}\n#banner-1687539571 .bg.bg-loaded {\n  background-image: url(https:\/\/vakantiehuiskleinwalsertal.nl\/wp-content\/uploads\/2020\/03\/Zomer-afbeelding-6.png);\n}\n#banner-1687539571 .overlay {\n  background-color: rgba(0,0,0,.5);\n}\n#banner-1687539571 .bg {\n  background-position: 42% 38%;\n}\n<\/style>\n  <\/div>\n\n\n\n\t\t<\/div>\n\t\t\t<\/div>\n\n\t\n\n<\/div>\n\n\t\t<\/div>\n\n\t\t\n<style>\n#section_1531808270 {\n  padding-top: 42px;\n  padding-bottom: 42px;\n  background-color: rgb(255, 255, 255);\n}\n<\/style>\n\t<\/section>\n\t\n\t<section class=\"section\" id=\"section_590389702\">\n\t\t<div class=\"bg section-bg fill bg-fill\" >\n\n\t\t\t\n\t\t\t<div class=\"section-bg-overlay absolute fill\"><\/div>\n\t\t\t\n\n\t\t<\/div>\n\n\t\t<div class=\"section-content relative\">\n\t\t\t\n\n\t<div id=\"gap-32242436\" class=\"gap-element clearfix\" style=\"display:block; height:auto;\">\n\t\t\n<style>\n#gap-32242436 {\n  padding-top: 8px;\n}\n<\/style>\n\t<\/div>\n\t\n\n<div class=\"row row-collapse align-center\"  id=\"row-522344082\">\n\n\n\t<div id=\"col-905679817\" class=\"col medium-6 small-11 large-6\"  >\n\t\t<div class=\"col-inner text-center\"  >\n\t\t\t\n\t\t\t\n\n\n  <div class=\"banner has-hover\" id=\"banner-1093534716\">\n          <div class=\"banner-inner fill\">\n        <div class=\"banner-bg fill\" >\n            <div class=\"bg fill bg-fill\"><\/div>\n                                    \n                    <\/div>\n        <div class=\"banner-layers container\">\n            <div class=\"fill banner-link\"><\/div>            \n\n   <div id=\"text-box-172362452\" class=\"text-box banner-layer x50 md-x50 lg-x50 y50 md-y50 lg-y50 res-text\">\n                                <div class=\"text-box-content text\">\n              \n              <div class=\"text-inner text-center\">\n                  \n\n<h2 style=\"text-align: center;\"><span style=\"font-size: 115%;\">VERF\u00dcGBARKEIT PR\u00dcFEN<\/span><\/h2>\n<p style=\"text-align: center;\"><span style=\"font-size: 170%;\">Nachfolgend finden Sie die Verf\u00fcgbarkeit des Ferienhauses.<\/span><\/p>\n<a href=\"\/de\/beschikbaarheid\/\" target=\"_self\" class=\"button success is-xxlarge\"  >\n    <span>Verf\u00fcgbarkeit<\/span>\n  <\/a>\n\n\n\n              <\/div>\n           <\/div>\n                            \n<style>\n#text-box-172362452 {\n  width: 82%;\n}\n#text-box-172362452 .text-box-content {\n  font-size: 100%;\n}\n<\/style>\n    <\/div>\n \n\n        <\/div>\n      <\/div>\n\n            \n<style>\n#banner-1093534716 {\n  padding-top: 500px;\n  background-color: rgb(255,255,255);\n}\n<\/style>\n  <\/div>\n\n\n\n\t\t<\/div>\n\t\t\t<\/div>\n\n\t\n\n\t<div id=\"col-1327819514\" class=\"col medium-6 small-11 large-6\"  >\n\t\t<div class=\"col-inner\"  >\n\t\t\t\n\t\t\t\n\n\n  <div class=\"banner has-hover\" id=\"banner-1979675242\">\n          <div class=\"banner-inner fill\">\n        <div class=\"banner-bg fill\" >\n            <div class=\"bg fill bg-fill\"><\/div>\n                                    \n                    <\/div>\n        <div class=\"banner-layers container\">\n            <div class=\"fill banner-link\"><\/div>            \n\n\n        <\/div>\n      <\/div>\n\n            \n<style>\n#banner-1979675242 {\n  padding-top: 500px;\n  background-color: rgb(228, 228, 228);\n}\n#banner-1979675242 .bg.bg-loaded {\n  background-image: url(https:\/\/vakantiehuiskleinwalsertal.nl\/wp-content\/uploads\/2020\/03\/Winter-afbeelding-15.png);\n}\n<\/style>\n  <\/div>\n\n\n\n\t\t<\/div>\n\t\t\t<\/div>\n\n\t\n\n<\/div>\n\n\t\t<\/div>\n\n\t\t\n<style>\n#section_590389702 {\n  padding-top: 68px;\n  padding-bottom: 68px;\n}\n#section_590389702 .section-bg-overlay {\n  background-color: rgba(0,0,0,.5);\n}\n#section_590389702 .section-bg.bg-loaded {\n  background-image: url(https:\/\/vakantiehuiskleinwalsertal.nl\/wp-content\/uploads\/2020\/03\/Winter-afbeelding-15.png);\n}\n#section_590389702 .section-bg {\n  background-position: 66% 46%;\n}\n<\/style>\n\t<\/section>\n\t\n\t<section class=\"section\" id=\"section_46266360\">\n\t\t<div class=\"bg section-bg fill bg-fill  bg-loaded\" >\n\n\t\t\t\n\t\t\t\n\t\t\t\n\n\t\t<\/div>\n\n\t\t<div class=\"section-content relative\">\n\t\t\t\n\n<div class=\"row align-center\"  id=\"row-699197505\">\n\n\n\t<div id=\"col-1590106637\" class=\"col medium-10 small-10 large-9\"  >\n\t\t<div class=\"col-inner text-center\"  >\n\t\t\t\n\t\t\t\n\n<h3 class=\"\">Skifahren im Kleinwalsertal<\/h3>\n<div class=\"\">Mit 16 Gondelbahnen, 29 Sesselliften und 66 Schleppliften kann das sch\u00f6ne Gebiet mit 122 km Pisten erkundet werden. Sowohl f\u00fcr den Anf\u00e4nger als auch f\u00fcr den erfahrenen Skifahrer gibt es alle Arten von Pisten nach Ihrem Geschmack. In jedem Skigebiet im Kleinwalsertal finden Sie nette und authentische \u00f6sterreichische Restaurants, in denen Sie einen selbstgebrannten Schnaps, einen leckeren Teller Kaiserschmarrn oder K\u00e4sesp\u00e4tzle genie\u00dfen k\u00f6nnen.<\/div>\n<h2>\u00a0<\/h2>\n<h2 class=\"\">Ferienwohnung Kleinwalsertal buchen<\/h2>\n<div class=\"\">Heb jij je ideale vakantie in het Kleinwalsertal uitgestippeld en ben je op zoek naar een fijn appartement? Boek dan jouw verblijf online. Het boven appartement kan voor maximaal 6 personen gehuurd worden, het beneden appartement voor maximaal 4 personen en het gehele huis kan voor maximaal 10 personen gehuurd worden. Kortom een ideale locatie om een vakantiehuis te huren. Boek je verblijf online of neem contact met ons op via ons contactformulier. Ook kan je contact opnemen via <a href=\"tel:0031653789300\">31 (0) 6 537 893 00<\/a> oder per Post an <a href=\"mailto:ferienhausverdoorn@gmail.com\">ferienhausverdoorn@gmail.com<\/a>. Warten Sie nicht zu lange, voll = voll. Die perfekte Wohnung in Mittelberg.<\/div>\n\t<div id=\"gap-121288429\" class=\"gap-element clearfix\" style=\"display:block; height:auto;\">\n\t\t\n<style>\n#gap-121288429 {\n  padding-top: 30px;\n}\n<\/style>\n\t<\/div>\n\t\n\n\n  <div class=\"banner has-hover\" id=\"banner-157230835\">\n          <div class=\"banner-inner fill\">\n        <div class=\"banner-bg fill\" >\n            <div class=\"bg fill bg-fill\"><\/div>\n                                    \n                    <\/div>\n        <div class=\"banner-layers container\">\n            <div class=\"fill banner-link\"><\/div>            \n\n   <div id=\"text-box-261620819\" class=\"text-box banner-layer x50 md-x50 lg-x50 y50 md-y50 lg-y50 res-text\">\n                                <div class=\"text-box-content text dark\">\n              \n              <div class=\"text-inner text-center\">\n                  \n\n\n              <\/div>\n           <\/div>\n                            \n<style>\n#text-box-261620819 {\n  width: 60%;\n}\n#text-box-261620819 .text-box-content {\n  font-size: 100%;\n}\n@media (min-width:550px) {\n  #text-box-261620819 {\n    width: 60%;\n  }\n}\n<\/style>\n    <\/div>\n \n\n        <\/div>\n      <\/div>\n\n            \n<style>\n#banner-157230835 {\n  padding-top: 300px;\n  background-color: rgb(255,255,255);\n}\n#banner-157230835 .bg.bg-loaded {\n  background-image: url(https:\/\/vakantiehuiskleinwalsertal.nl\/wp-content\/uploads\/2020\/03\/Zomer-afbeelding-9.png);\n}\n@media (min-width:550px) {\n  #banner-157230835 {\n    padding-top: 400px;\n  }\n}\n@media (min-width:850px) {\n  #banner-157230835 {\n    padding-top: 500px;\n  }\n}\n<\/style>\n  <\/div>\n\n\n\n\t\t<\/div>\n\t\t\n<style>\n#col-1590106637 > .col-inner {\n  padding: 60px 0px 0px 0px;\n  margin: 0px 0px -100px 0px;\n}\n<\/style>\n\t<\/div>\n\n\t\n\n<\/div>\n\n\t\t<\/div>\n\n\t\t\n<style>\n#section_46266360 {\n  padding-top: 30px;\n  padding-bottom: 30px;\n  background-color: rgb(249, 247, 244);\n}\n<\/style>\n\t<\/section>\n\t\n\t<section class=\"section dark\" id=\"section_338106411\">\n\t\t<div class=\"bg section-bg fill bg-fill  bg-loaded\" >\n\n\t\t\t\n\t\t\t\n\t\t\t\n\n\t\t<\/div>\n\n\t\t<div class=\"section-content relative\">\n\t\t\t\n\n\t<div id=\"gap-347620297\" class=\"gap-element clearfix\" style=\"display:block; height:auto;\">\n\t\t\n<style>\n#gap-347620297 {\n  padding-top: 50px;\n}\n<\/style>\n\t<\/div>\n\t\n\n<div class=\"row\"  id=\"row-1725445407\">\n\n\n\t<div id=\"col-1883758801\" class=\"col medium-9 small-12 large-9\"  >\n\t\t<div class=\"col-inner\"  >\n\t\t\t\n\t\t\t\n\n<h2>Mittelberg entdecken<\/h2>\n<p>Bereit f\u00fcr Ihren Urlaub in \u00d6sterreich?<\/p>\n\n\t\t<\/div>\n\t\t\t<\/div>\n\n\t\n\n\t<div id=\"col-240974258\" class=\"col medium-3 small-12 large-3\"  >\n\t\t<div class=\"col-inner\"  >\n\t\t\t\n\t\t\t\n\n<a class=\"button success expand\"  >\n    <span>Preise<\/span>\n  <\/a>\n\n\n<a class=\"button white expand\"  >\n    <span>Jetzt buchen<\/span>\n  <\/a>\n\n\n\n\t\t<\/div>\n\t\t\t<\/div>\n\n\t\n\n<\/div>\n\n\t\t<\/div>\n\n\t\t\n<style>\n#section_338106411 {\n  padding-top: 0px;\n  padding-bottom: 0px;\n  background-color: rgb(61, 56, 58);\n}\n<\/style>\n\t<\/section>","protected":false},"excerpt":{"rendered":"","protected":false},"author":2,"featured_media":0,"parent":0,"menu_order":0,"comment_status":"closed","ping_status":"closed","template":"page-blank.php","meta":{"footnotes":""},"class_list":["post-432","page","type-page","status-publish","hentry"],"_links":{"self":[{"href":"https:\/\/vakantiehuiskleinwalsertal.nl\/de\/wp-json\/wp\/v2\/pages\/432","targetHints":{"allow":["GET"]}}],"collection":[{"href":"https:\/\/vakantiehuiskleinwalsertal.nl\/de\/wp-json\/wp\/v2\/pages"}],"about":[{"href":"https:\/\/vakantiehuiskleinwalsertal.nl\/de\/wp-json\/wp\/v2\/types\/page"}],"author":[{"embeddable":true,"href":"https:\/\/vakantiehuiskleinwalsertal.nl\/de\/wp-json\/wp\/v2\/users\/2"}],"replies":[{"embeddable":true,"href":"https:\/\/vakantiehuiskleinwalsertal.nl\/de\/wp-json\/wp\/v2\/comments?post=432"}],"version-history":[{"count":13,"href":"https:\/\/vakantiehuiskleinwalsertal.nl\/de\/wp-json\/wp\/v2\/pages\/432\/revisions"}],"predecessor-version":[{"id":19754,"href":"https:\/\/vakantiehuiskleinwalsertal.nl\/de\/wp-json\/wp\/v2\/pages\/432\/revisions\/19754"}],"wp:attachment":[{"href":"https:\/\/vakantiehuiskleinwalsertal.nl\/de\/wp-json\/wp\/v2\/media?parent=432"}],"curies":[{"name":"wp","href":"https:\/\/api.w.org\/{rel}","templated":true}]}}