{"id":372,"date":"2020-02-27T08:40:31","date_gmt":"2020-02-27T08:40:31","guid":{"rendered":"https:\/\/vakantiehuiskleinwalsertal.nl\/?page_id=372"},"modified":"2020-06-11T11:06:26","modified_gmt":"2020-06-11T11:06:26","slug":"winter","status":"publish","type":"page","link":"https:\/\/vakantiehuiskleinwalsertal.nl\/de\/winter-2\/","title":{"rendered":"Winter"},"content":{"rendered":"<div class=\"slider-wrapper relative\" id=\"slider-510152139\" style=\"background-color:#6fa6d4;\">\n    <div class=\"slider slider-nav-simple slider-nav-large slider-nav-light slider-nav-outside slider-style-normal slider-show-nav\"\n        data-flickity-options='{            \"cellAlign\": \"center\",            \"imagesLoaded\": true,            \"lazyLoad\": 1,            \"freeScroll\": false,            \"wrapAround\": true,            \"autoPlay\": 3000,            \"pauseAutoPlayOnHover\" : false,            \"prevNextButtons\": true,            \"contain\" : true,            \"adaptiveHeight\" : true,            \"dragThreshold\" : 10,            \"percentPosition\": true,            \"pageDots\": false,            \"rightToLeft\": false,            \"draggable\": true,            \"selectedAttraction\": 0.1,            \"parallax\" : 0,            \"friction\": 0.6        }'\n        >\n        \n\n\t<section class=\"section\" id=\"section_2074029853\">\n\t\t<div class=\"bg section-bg fill bg-fill\" >\n\n\t\t\t\n\t\t\t<div class=\"section-bg-overlay absolute fill\"><\/div>\n\t\t\t\n\t<div class=\"is-border\"\n\t\tstyle=\"border-color:rgb(111, 166, 212);border-width:0px 0px 20px 0px;\">\n\t<\/div>\n\n\t\t<\/div>\n\n\t\t<div class=\"section-content relative\">\n\t\t\t\n\n<div class=\"row\"  id=\"row-1759531159\">\n\n\n\t<div id=\"col-1542379327\" class=\"col medium-7 small-12 large-7\"  >\n\t\t<div class=\"col-inner\"  >\n\t\t\t\n\t\t\t\n\n<h2><span style=\"font-size: 200%; color: #ffffff;\">Winter im Kleinwalsertal!<\/span><\/h2>\n\n\t\t<\/div>\n\t\t\t<\/div>\n\n\t\n\n<\/div>\n\n\t\t<\/div>\n\n\t\t\n<style>\n#section_2074029853 {\n  padding-top: 30px;\n  padding-bottom: 30px;\n  min-height: 480px;\n  background-color: rgb(122, 156, 89);\n}\n#section_2074029853 .section-bg-overlay {\n  background-color: rgba(0, 0, 0, 0.31);\n}\n#section_2074029853 .section-bg.bg-loaded {\n  background-image: url(https:\/\/vakantiehuiskleinwalsertal.nl\/wp-content\/uploads\/2020\/02\/achtergrond-winter.jpg);\n}\n#section_2074029853 .section-bg {\n  background-position: 57% 54%;\n}\n<\/style>\n\t<\/section>\n\t\n\n     <\/div>\n\n     <div class=\"loading-spin dark large centered\"><\/div>\n\n     \t<\/div>\n\n\n\t<section class=\"section\" id=\"section_1683644402\">\n\t\t<div class=\"bg section-bg fill bg-fill  bg-loaded\" >\n\n\t\t\t\n\t\t\t\n\t\t\t\n\n\t\t<\/div>\n\n\t\t<div class=\"section-content relative\">\n\t\t\t\n\n<div class=\"row\"  id=\"row-1428829044\">\n\n\n\t<div id=\"col-802559603\" class=\"col small-12 large-12\"  >\n\t\t<div class=\"col-inner\"  >\n\t\t\t\n\t\t\t\n\n<div class=\"row row-small row-box-shadow-1 row-box-shadow-4-hover\"  id=\"row-2097628900\">\n\n\n\t<div id=\"col-1858711448\" class=\"col medium-6 small-12 large-3\"  >\n\t\t<div class=\"col-inner\"  >\n\t\t\t\n\t\t\t\n\n\n\t\t<div class=\"icon-box featured-box icon-box-center text-center\"  >\n\t\t\t\t\t<div class=\"icon-box-img\" style=\"width: 60px\">\n\t\t\t\t<div class=\"icon\">\n\t\t\t\t\t<div class=\"icon-inner\" >\n\t\t\t\t\t\t<img loading=\"lazy\" decoding=\"async\" width=\"400\" height=\"400\" src=\"https:\/\/vakantiehuiskleinwalsertal.nl\/wp-content\/uploads\/2020\/02\/tourism-400x400.png\" class=\"attachment-medium size-medium\" alt=\"\" srcset=\"https:\/\/vakantiehuiskleinwalsertal.nl\/wp-content\/uploads\/2020\/02\/tourism-400x400.png 400w, https:\/\/vakantiehuiskleinwalsertal.nl\/wp-content\/uploads\/2020\/02\/tourism-280x280.png 280w, https:\/\/vakantiehuiskleinwalsertal.nl\/wp-content\/uploads\/2020\/02\/tourism.png 512w\" sizes=\"auto, (max-width: 400px) 100vw, 400px\" \/>\t\t\t\t\t<\/div>\n\t\t\t\t<\/div>\n\t\t\t<\/div>\n\t\t\t\t<div class=\"icon-box-text last-reset\">\n\t\t\t\t\t\t\t\t\t\n\n<h3 class=\"p1\" style=\"text-align: center;\"><span style=\"font-size: 100%;\">Walmendingerhornbahn<\/span><\/h3>\n<p class=\"p1\" style=\"text-align: center;\">5 Gehminuten vom Haus entfernt finden Sie das <strong>Aufzug Zaferna. <\/strong>Von hier aus k\u00f6nnen Sie zum Skigebiet Walmendingerhorn fahren, das 900 Meter vom Haus entfernt liegt.<\/p>\n\n\t\t<\/div>\n\t<\/div>\n\t\n\t\n\n\t\t<\/div>\n\t\t\n<style>\n#col-1858711448 > .col-inner {\n  padding: 30px 5px 20px 5px;\n}\n<\/style>\n\t<\/div>\n\n\t\n\n\t<div id=\"col-310260594\" class=\"col medium-6 small-12 large-3\"  >\n\t\t<div class=\"col-inner\"  >\n\t\t\t\n\t\t\t\n\n\n\t\t<div class=\"icon-box featured-box icon-box-center text-center\"  >\n\t\t\t\t\t<div class=\"icon-box-img\" style=\"width: 60px\">\n\t\t\t\t<div class=\"icon\">\n\t\t\t\t\t<div class=\"icon-inner\" >\n\t\t\t\t\t\t<img loading=\"lazy\" decoding=\"async\" width=\"400\" height=\"400\" src=\"https:\/\/vakantiehuiskleinwalsertal.nl\/wp-content\/uploads\/2020\/02\/pin-400x400.png\" class=\"attachment-medium size-medium\" alt=\"\" srcset=\"https:\/\/vakantiehuiskleinwalsertal.nl\/wp-content\/uploads\/2020\/02\/pin-400x400.png 400w, https:\/\/vakantiehuiskleinwalsertal.nl\/wp-content\/uploads\/2020\/02\/pin-280x280.png 280w, https:\/\/vakantiehuiskleinwalsertal.nl\/wp-content\/uploads\/2020\/02\/pin.png 512w\" sizes=\"auto, (max-width: 400px) 100vw, 400px\" \/>\t\t\t\t\t<\/div>\n\t\t\t\t<\/div>\n\t\t\t<\/div>\n\t\t\t\t<div class=\"icon-box-text last-reset\">\n\t\t\t\t\t\t\t\t\t\n\n<h3 class=\"p1\">Kanzelwandbahn<\/h3>\n<p class=\"p1\">Dieses Gebiet bietet viele M\u00f6glichkeiten sowohl f\u00fcr Anf\u00e4nger als auch f\u00fcr Fortgeschrittene.<\/p>\n\n\t\t<\/div>\n\t<\/div>\n\t\n\t\n\n\t\t<\/div>\n\t\t\n<style>\n#col-310260594 > .col-inner {\n  padding: 30px 0px 70px 0px;\n}\n<\/style>\n\t<\/div>\n\n\t\n\n\t<div id=\"col-2048252337\" class=\"col medium-6 small-12 large-3\"  >\n\t\t<div class=\"col-inner\"  >\n\t\t\t\n\t\t\t\n\n\n\t\t<div class=\"icon-box featured-box icon-box-center text-center\"  >\n\t\t\t\t\t<div class=\"icon-box-img\" style=\"width: 59px\">\n\t\t\t\t<div class=\"icon\">\n\t\t\t\t\t<div class=\"icon-inner\" >\n\t\t\t\t\t\t<img loading=\"lazy\" decoding=\"async\" width=\"400\" height=\"400\" src=\"https:\/\/vakantiehuiskleinwalsertal.nl\/wp-content\/uploads\/2020\/02\/mountain-400x400.png\" class=\"attachment-medium size-medium\" alt=\"\" srcset=\"https:\/\/vakantiehuiskleinwalsertal.nl\/wp-content\/uploads\/2020\/02\/mountain-400x400.png 400w, https:\/\/vakantiehuiskleinwalsertal.nl\/wp-content\/uploads\/2020\/02\/mountain-280x280.png 280w, https:\/\/vakantiehuiskleinwalsertal.nl\/wp-content\/uploads\/2020\/02\/mountain.png 512w\" sizes=\"auto, (max-width: 400px) 100vw, 400px\" \/>\t\t\t\t\t<\/div>\n\t\t\t\t<\/div>\n\t\t\t<\/div>\n\t\t\t\t<div class=\"icon-box-text last-reset\">\n\t\t\t\t\t\t\t\t\t\n\n<h3 class=\"p1\">Skigebiet Ifen<\/h3>\n<p class=\"p1\">Dieses sch\u00f6ne modernisierte Naturschutzgebiet hat einige sch\u00f6ne Pisten f\u00fcr jeden Skifahrer.<\/p>\n\n\t\t<\/div>\n\t<\/div>\n\t\n\t\n\n\t\t<\/div>\n\t\t\n<style>\n#col-2048252337 > .col-inner {\n  padding: 30px 0px 96px 0px;\n}\n<\/style>\n\t<\/div>\n\n\t\n\n\t<div id=\"col-1350075535\" class=\"col medium-6 small-12 large-3\"  >\n\t\t<div class=\"col-inner\"  >\n\t\t\t\n\t\t\t\n\n\n\t\t<div class=\"icon-box featured-box icon-box-center text-center\"  >\n\t\t\t\t\t<div class=\"icon-box-img\" style=\"width: 52px\">\n\t\t\t\t<div class=\"icon\">\n\t\t\t\t\t<div class=\"icon-inner\" >\n\t\t\t\t\t\t<img loading=\"lazy\" decoding=\"async\" width=\"400\" height=\"400\" src=\"https:\/\/vakantiehuiskleinwalsertal.nl\/wp-content\/uploads\/2020\/02\/snow-400x400.png\" class=\"attachment-medium size-medium\" alt=\"\" srcset=\"https:\/\/vakantiehuiskleinwalsertal.nl\/wp-content\/uploads\/2020\/02\/snow-400x400.png 400w, https:\/\/vakantiehuiskleinwalsertal.nl\/wp-content\/uploads\/2020\/02\/snow-280x280.png 280w, https:\/\/vakantiehuiskleinwalsertal.nl\/wp-content\/uploads\/2020\/02\/snow.png 512w\" sizes=\"auto, (max-width: 400px) 100vw, 400px\" \/>\t\t\t\t\t<\/div>\n\t\t\t\t<\/div>\n\t\t\t<\/div>\n\t\t\t\t<div class=\"icon-box-text last-reset\">\n\t\t\t\t\t\t\t\t\t\n\n<h3 class=\"p1\">\u00a0S\u00f6llereckbahn<\/h3>\n<p class=\"p1\">Dieses Familienskigebiet mit Gondel bietet viele M\u00f6glichkeiten f\u00fcr Familien.<\/p>\n\n\t\t<\/div>\n\t<\/div>\n\t\n\t\n\n\t\t<\/div>\n\t\t\n<style>\n#col-1350075535 > .col-inner {\n  padding: 30px 0px 103px 0px;\n}\n<\/style>\n\t<\/div>\n\n\t\n\n\n<style>\n#row-2097628900 > .col > .col-inner {\n  padding: 30px 20px 19px 20px;\n  background-color: rgb(255,255,255);\n}\n<\/style>\n<\/div>\n\n\t\t<\/div>\n\t\t\n<style>\n#col-802559603 > .col-inner {\n  margin: -100px 0px 0px 0px;\n}\n<\/style>\n\t<\/div>\n\n\t\n\n<\/div>\n\n\t\t<\/div>\n\n\t\t\n<style>\n#section_1683644402 {\n  padding-top: 30px;\n  padding-bottom: 30px;\n  background-color: rgb(245, 247, 251);\n}\n<\/style>\n\t<\/section>\n\t\n\t<section class=\"section\" id=\"section_1115885820\">\n\t\t<div class=\"bg section-bg fill bg-fill  bg-loaded\" >\n\n\t\t\t\n\t\t\t\n\t\t\t\n\n\t\t<\/div>\n\n\t\t<div class=\"section-content relative\">\n\t\t\t\n\n\t<div id=\"gap-1901962213\" class=\"gap-element clearfix\" style=\"display:block; height:auto;\">\n\t\t\n<style>\n#gap-1901962213 {\n  padding-top: 40px;\n}\n<\/style>\n\t<\/div>\n\t\n\n<div class=\"row align-center\"  id=\"row-2074151530\">\n\n\n\t<div id=\"col-1920550190\" class=\"col medium-4 small-10 large-4\"  >\n\t\t<div class=\"col-inner\"  >\n\t\t\t\n\t\t\t\n\n<h1 class=\"uppercase\"><span style=\"font-size: 130%;\">Skigebiet im Kleinwalsertal<\/span><\/h1>\n<a href=\"\/de\/contact\/\" target=\"_self\" class=\"button primary is-link\"  >\n    <span>Kontakt<\/span>\n  <i class=\"icon-angle-right\" ><\/i><\/a>\n\n\n\n\t\t<\/div>\n\t\t\t<\/div>\n\n\t\n\n\t<div id=\"col-1145145872\" class=\"col medium-8 small-10 large-8\"  >\n\t\t<div class=\"col-inner\"  >\n\t\t\t\n\t\t\t\n\n<p>Der Bus f\u00e4hrt alle Skigebiete und Orte im Kleinwalsertal an; 130 km Pisten, 48 Bahnen und Lifte von Dezember bis April!<\/p>\n<p>5 Gehminuten vom Haus entfernt befindet sich der n\u00e4chste Skilift, die Zaferna. Von diesem Lift aus k\u00f6nnen Sie entweder zwei Pisten nutzen oder \u00fcber einen Gleitweg zum Skigebiet Heuberg oder zum Walmerdingerhorn weiterfahren. In 900 m Entfernung vom Haus befindet sich das Skigebiet Walmerdingerhorn. Dies ist ein blau\/rot\/schwarzes Skigebiet mit guten Off-Piste-M\u00f6glichkeiten. Von diesem Skigebiet aus k\u00f6nnen Sie \u00fcber einen Gleitpfad oder abseits der Pisten bis in die N\u00e4he des Hauses fahren.<\/p>\n<p>In 4 km Entfernung vom Haus im Kleinwalsertal befindet sich das Skigebiet Kanzelwandbahn. Mit dem Walserbus sind es etwa 10 Minuten. Dieses Gebiet bietet viele M\u00f6glichkeiten sowohl f\u00fcr den Anf\u00e4nger als auch f\u00fcr den fortgeschrittenen Skifahrer. Auch hier gibt es viele M\u00f6glichkeiten abseits der Piste. Knapp 5 km vom Haus entfernt befindet sich das Skigebiet Ifen. Dieses sch\u00f6ne modernisierte Naturschutzgebiet hat einige sch\u00f6ne Pisten f\u00fcr den fortgeschrittenen Skifahrer. Etwas weiter entfernt (12 km), aber gut mit dem Skibus zu erreichen, ist die Nebelhornbahn in Oberstdorf. In Richtung Oberstdorf finden Sie die S\u00f6llereckbahn. Auch der Walserbus f\u00e4hrt hier entlang. Dieses untere Skigebiet mit Gondel bietet viele M\u00f6glichkeiten f\u00fcr den Skianf\u00e4nger.<\/p>\n<p>Winterwanderwege starten direkt vom Haus aus und f\u00fcr Langl\u00e4ufer liegt die Steinbock Loipe direkt vor der T\u00fcr!<\/p>\n\n\t\t<\/div>\n\t\t\t<\/div>\n\n\t\n\n<\/div>\n\n\t\t<\/div>\n\n\t\t\n<style>\n#section_1115885820 {\n  padding-top: 30px;\n  padding-bottom: 30px;\n}\n<\/style>\n\t<\/section>\n\t\n\t<section class=\"section info-card-1\" id=\"section_1464578641\">\n\t\t<div class=\"bg section-bg fill bg-fill  bg-loaded\" >\n\n\t\t\t\n\t\t\t\n\t\t\t\n\n\t\t<\/div>\n\n\t\t<div class=\"section-content relative\">\n\t\t\t\n\n<div class=\"row\"  id=\"row-1278194248\">\n\n\n\t<div id=\"col-1271383818\" class=\"col small-12 large-12\"  >\n\t\t<div class=\"col-inner text-center\"  >\n\t\t\t\n\t\t\t\n\n<h2>Einrichtungen rund um das Ferienhaus<\/h2>\n\n\t\t<\/div>\n\t\t\n<style>\n#col-1271383818 > .col-inner {\n  padding: 20px 0px 0px 0px;\n}\n<\/style>\n\t<\/div>\n\n\t\n\n<\/div>\n<div class=\"row row-small align-equal\"  id=\"row-1565927913\">\n\n\n\t<div id=\"col-1632729637\" class=\"col medium-4 small-12 large-4\"  >\n\t\t<div class=\"col-inner\"  >\n\t\t\t\n\t\t\t\n\n\t<div class=\"box has-hover   has-hover box-push box-text-bottom\" >\n\n\t\t<div class=\"box-image\" >\n\t\t\t<a href=\"#\"  >\t\t\t<div class=\"image-zoom image-cover\" style=\"padding-top:70%;\">\n\t\t\t\t<img loading=\"lazy\" decoding=\"async\" width=\"1024\" height=\"768\" src=\"https:\/\/vakantiehuiskleinwalsertal.nl\/wp-content\/uploads\/2020\/02\/92087-2.jpg\" class=\"attachment- size-\" alt=\"\" srcset=\"https:\/\/vakantiehuiskleinwalsertal.nl\/wp-content\/uploads\/2020\/02\/92087-2.jpg 1024w, https:\/\/vakantiehuiskleinwalsertal.nl\/wp-content\/uploads\/2020\/02\/92087-2-533x400.jpg 533w, https:\/\/vakantiehuiskleinwalsertal.nl\/wp-content\/uploads\/2020\/02\/92087-2-768x576.jpg 768w\" sizes=\"auto, (max-width: 1024px) 100vw, 1024px\" \/>\t\t\t\t\t\t\t\t\t\t\t<\/div>\n\t\t\t<\/a>\t\t<\/div>\n\n\t\t<div class=\"box-text text-center\" style=\"background-color:rgb(255, 255, 255);padding:20px 5% 20px 5%;\">\n\t\t\t<div class=\"box-text-inner\">\n\t\t\t\t\n\n<h4>Essensm\u00f6glichkeiten<\/h4>\n<p>Auf den Pisten und im Tal finden Sie mehrere Apres-Ski-Lokale und Sie haben eine gro\u00dfe Auswahl an Restaurants in Gehweite des Hauses.<\/p>\n\n\t\t\t<\/div>\n\t\t<\/div>\n\t<\/div>\n\t\n\n\t\t<\/div>\n\t\t\t<\/div>\n\n\t\n\n\t<div id=\"col-1107115570\" class=\"col medium-4 small-12 large-4\"  >\n\t\t<div class=\"col-inner\"  >\n\t\t\t\n\t\t\t\n\n\t<div class=\"box has-hover   has-hover box-push box-text-bottom\" >\n\n\t\t<div class=\"box-image\" >\n\t\t\t<a href=\"#\"  >\t\t\t<div class=\"image-zoom image-cover\" style=\"padding-top:70%;\">\n\t\t\t\t<img loading=\"lazy\" decoding=\"async\" width=\"650\" height=\"400\" src=\"https:\/\/vakantiehuiskleinwalsertal.nl\/wp-content\/uploads\/2020\/02\/Ontwerp-zonder-titel-2-2.png\" class=\"attachment- size-\" alt=\"\" \/>\t\t\t\t\t\t\t\t\t\t\t<\/div>\n\t\t\t<\/a>\t\t<\/div>\n\n\t\t<div class=\"box-text text-center\" style=\"background-color:rgb(255, 255, 255);padding:20px 5% 20px 5%;\">\n\t\t\t<div class=\"box-text-inner\">\n\t\t\t\t\n\n<h4>Kinderfreundlich<\/h4>\n<p class=\"p1\">Im Kleinwalsertal gibt es viele kinderfreundliche Skilifte und Pisten. Im Tal gibt es mehrere Skischulen.<\/p>\n<p>&nbsp;<\/p>\n\n\t\t\t<\/div>\n\t\t<\/div>\n\t<\/div>\n\t\n\n\t\t<\/div>\n\t\t\t<\/div>\n\n\t\n\n\t<div id=\"col-1208715892\" class=\"col medium-4 small-12 large-4\"  >\n\t\t<div class=\"col-inner\"  >\n\t\t\t\n\t\t\t\n\n\t<div class=\"box has-hover   has-hover box-push box-text-bottom\" >\n\n\t\t<div class=\"box-image\" >\n\t\t\t<a href=\"#\"  >\t\t\t<div class=\"image-zoom image-cover\" style=\"padding-top:70%;\">\n\t\t\t\t<img loading=\"lazy\" decoding=\"async\" width=\"800\" height=\"800\" src=\"https:\/\/vakantiehuiskleinwalsertal.nl\/wp-content\/uploads\/2020\/03\/skipas.png\" class=\"attachment- size-\" alt=\"\" srcset=\"https:\/\/vakantiehuiskleinwalsertal.nl\/wp-content\/uploads\/2020\/03\/skipas.png 800w, https:\/\/vakantiehuiskleinwalsertal.nl\/wp-content\/uploads\/2020\/03\/skipas-400x400.png 400w, https:\/\/vakantiehuiskleinwalsertal.nl\/wp-content\/uploads\/2020\/03\/skipas-280x280.png 280w, https:\/\/vakantiehuiskleinwalsertal.nl\/wp-content\/uploads\/2020\/03\/skipas-768x768.png 768w\" sizes=\"auto, (max-width: 800px) 100vw, 800px\" \/>\t\t\t\t\t\t\t\t\t\t\t<\/div>\n\t\t\t<\/a>\t\t<\/div>\n\n\t\t<div class=\"box-text text-center\" style=\"background-color:rgb(255, 255, 255);padding:20px 5% 20px 5%;\">\n\t\t\t<div class=\"box-text-inner\">\n\t\t\t\t\n\n<h4>Skipass<\/h4>\n<p class=\"p1\">Ein Skipass ist f\u00fcr alle Skigebiete g\u00fcltig. Entdecken Sie die sch\u00f6nen Skigebiete rund um Mittelberg. Siehe <a href=\"http:\/\/www.kleinwalsertal.com\/de\/urlaubswelten\/aktivitaeten\/skifahren\/skipass-lifttickets\"><span class=\"s1\">dieser Link<\/span><\/a>&nbsp;f\u00fcr weitere Informationen.<\/p>\n\n\t\t\t<\/div>\n\t\t<\/div>\n\t<\/div>\n\t\n\n\t\t<\/div>\n\t\t\t<\/div>\n\n\t\n\n\n<style>\n#row-1565927913 > .col > .col-inner {\n  background-color: rgb(255,255,255);\n}\n<\/style>\n<\/div>\n\n\t\t<\/div>\n\n\t\t\n<style>\n#section_1464578641 {\n  padding-top: 26px;\n  padding-bottom: 26px;\n  background-color: rgb(244, 244, 244);\n}\n<\/style>\n\t<\/section>\n\t\n\t<section class=\"section\" id=\"section_921989933\">\n\t\t<div class=\"bg section-bg fill bg-fill\" >\n\n\t\t\t\n\t\t\t<div class=\"section-bg-overlay absolute fill\"><\/div>\n\t\t\t\n\n\t\t<\/div>\n\n\t\t<div class=\"section-content relative\">\n\t\t\t\n\n\t<div id=\"gap-1805415844\" class=\"gap-element clearfix\" style=\"display:block; height:auto;\">\n\t\t\n<style>\n#gap-1805415844 {\n  padding-top: 8px;\n}\n<\/style>\n\t<\/div>\n\t\n\n<div class=\"row row-collapse align-center\"  id=\"row-949292975\">\n\n\n\t<div id=\"col-800132174\" class=\"col medium-6 small-11 large-6\"  >\n\t\t<div class=\"col-inner text-center\"  >\n\t\t\t\n\t\t\t\n\n\n  <div class=\"banner has-hover\" id=\"banner-256886917\">\n          <div class=\"banner-inner fill\">\n        <div class=\"banner-bg fill\" >\n            <div class=\"bg fill bg-fill\"><\/div>\n                                    \n                    <\/div>\n        <div class=\"banner-layers container\">\n            <div class=\"fill banner-link\"><\/div>            \n\n   <div id=\"text-box-1175733507\" class=\"text-box banner-layer x50 md-x50 lg-x50 y50 md-y50 lg-y50 res-text\">\n                                <div class=\"text-box-content text\">\n              \n              <div class=\"text-inner text-center\">\n                  \n\n<h1 style=\"text-align: center;\"><span style=\"font-size: 90%;\">VERF\u00dcGBARKEIT PR\u00dcFEN<\/span><\/h1>\n<p style=\"text-align: center;\"><span style=\"font-size: 160%;\">Nachfolgend finden Sie die Verf\u00fcgbarkeit des Ferienhauses.<\/span><\/p>\n<a href=\"https:\/\/www.kleinwalsertal.com\/de\/Suchen-Buchen\/Unterkunft-buchen\/Unterkunftsliste\/Ferienhaus-Verdoorn_ad-52841\" target=\"_self\" class=\"button success is-xxlarge\"  >\n    <span>Verf\u00fcgbarkeit<\/span>\n  <\/a>\n\n\n\n              <\/div>\n           <\/div>\n                            \n<style>\n#text-box-1175733507 {\n  width: 78%;\n}\n#text-box-1175733507 .text-box-content {\n  font-size: 100%;\n}\n<\/style>\n    <\/div>\n \n\n        <\/div>\n      <\/div>\n\n            \n<style>\n#banner-256886917 {\n  padding-top: 500px;\n  background-color: rgb(255,255,255);\n}\n<\/style>\n  <\/div>\n\n\n\n\t\t<\/div>\n\t\t\t<\/div>\n\n\t\n\n\t<div id=\"col-2078813235\" class=\"col medium-6 small-11 large-6\"  >\n\t\t<div class=\"col-inner\"  >\n\t\t\t\n\t\t\t\n\n\n  <div class=\"banner has-hover\" id=\"banner-324068672\">\n          <div class=\"banner-inner fill\">\n        <div class=\"banner-bg fill\" >\n            <div class=\"bg fill bg-fill\"><\/div>\n                                    \n                    <\/div>\n        <div class=\"banner-layers container\">\n            <div class=\"fill banner-link\"><\/div>            \n\n\n        <\/div>\n      <\/div>\n\n            \n<style>\n#banner-324068672 {\n  padding-top: 500px;\n  background-color: rgb(228, 228, 228);\n}\n#banner-324068672 .bg.bg-loaded {\n  background-image: url(https:\/\/vakantiehuiskleinwalsertal.nl\/wp-content\/uploads\/2020\/02\/winter2.jpg);\n}\n<\/style>\n  <\/div>\n\n\n\n\t\t<\/div>\n\t\t\t<\/div>\n\n\t\n\n<\/div>\n\n\t\t<\/div>\n\n\t\t\n<style>\n#section_921989933 {\n  padding-top: 68px;\n  padding-bottom: 68px;\n}\n#section_921989933 .section-bg-overlay {\n  background-color: rgba(0,0,0,.5);\n}\n#section_921989933 .section-bg.bg-loaded {\n  background-image: url(https:\/\/vakantiehuiskleinwalsertal.nl\/wp-content\/uploads\/2020\/03\/Kleinwalsertal-Hans-Wiesenhofer-c-Hans-Wiesenhofer-Kleinwalsertal-Tourismus-eGen-_-Hans-Wiesenhofer.jpg);\n}\n#section_921989933 .section-bg {\n  background-position: 66% 46%;\n}\n<\/style>\n\t<\/section>\n\t\n\t<section class=\"section\" id=\"section_1414623908\">\n\t\t<div class=\"bg section-bg fill bg-fill  bg-loaded\" >\n\n\t\t\t\n\t\t\t\n\t\t\t\n\n\t\t<\/div>\n\n\t\t<div class=\"section-content relative\">\n\t\t\t\n\n<div class=\"row align-center\"  id=\"row-1898142932\">\n\n\n\t<div id=\"col-2044179000\" class=\"col medium-10 small-10 large-8\"  >\n\t\t<div class=\"col-inner text-center\"  >\n\t\t\t\n\t\t\t\n\n<h6>Kleinwalsertal<\/h6>\n<h3>Sommer- und Winterurlaub<\/h3>\n<p>Sind Sie auf der Suche nach einem Sommer- oder Winterurlaub? Das Ferienhaus Verdoorn hat eine ideale Lage und ist ein geeignetes Urlaubsziel f\u00fcr alle Jahreszeiten! Vom Haus und von den Balkonen aus haben Sie einen sch\u00f6nen Blick auf die Berge, was ein herrliches Urlaubsgef\u00fchl vermittelt.&nbsp;<\/p>\n\t<div id=\"gap-1215642118\" class=\"gap-element clearfix\" style=\"display:block; height:auto;\">\n\t\t\n<style>\n#gap-1215642118 {\n  padding-top: 30px;\n}\n<\/style>\n\t<\/div>\n\t\n\n\n  <div class=\"banner has-hover\" id=\"banner-1176027393\">\n          <div class=\"banner-inner fill\">\n        <div class=\"banner-bg fill\" >\n            <div class=\"bg fill bg-fill\"><\/div>\n                                    \n                    <\/div>\n        <div class=\"banner-layers container\">\n            <div class=\"fill banner-link\"><\/div>            \n\n\n        <\/div>\n      <\/div>\n\n            \n<style>\n#banner-1176027393 {\n  padding-top: 300px;\n  background-color: rgb(255,255,255);\n}\n#banner-1176027393 .bg.bg-loaded {\n  background-image: url(https:\/\/vakantiehuiskleinwalsertal.nl\/wp-content\/uploads\/2020\/03\/Skieu.png);\n}\n@media (min-width:550px) {\n  #banner-1176027393 {\n    padding-top: 400px;\n  }\n}\n@media (min-width:850px) {\n  #banner-1176027393 {\n    padding-top: 500px;\n  }\n}\n<\/style>\n  <\/div>\n\n\n\n\t\t<\/div>\n\t\t\n<style>\n#col-2044179000 > .col-inner {\n  padding: 60px 0px 0px 0px;\n  margin: 0px 0px -100px 0px;\n}\n<\/style>\n\t<\/div>\n\n\t\n\n<\/div>\n\n\t\t<\/div>\n\n\t\t\n<style>\n#section_1414623908 {\n  padding-top: 30px;\n  padding-bottom: 30px;\n  background-color: rgb(249, 247, 244);\n}\n<\/style>\n\t<\/section>\n\t\n\t<section class=\"section dark\" id=\"section_1505431370\">\n\t\t<div class=\"bg section-bg fill bg-fill  bg-loaded\" >\n\n\t\t\t\n\t\t\t\n\t\t\t\n\n\t\t<\/div>\n\n\t\t<div class=\"section-content relative\">\n\t\t\t\n\n\t<div id=\"gap-685609852\" class=\"gap-element clearfix\" style=\"display:block; height:auto;\">\n\t\t\n<style>\n#gap-685609852 {\n  padding-top: 50px;\n}\n<\/style>\n\t<\/div>\n\t\n\n<div class=\"row\"  id=\"row-2018836098\">\n\n\n\t<div id=\"col-2100982759\" class=\"col medium-9 small-12 large-9\"  >\n\t\t<div class=\"col-inner\"  >\n\t\t\t\n\t\t\t\n\n<h2>Mittelberg entdecken<\/h2>\n<p>Bereit f\u00fcr Ihren Urlaub in \u00d6sterreich?<\/p>\n\n\t\t<\/div>\n\t\t\t<\/div>\n\n\t\n\n\t<div id=\"col-1692914490\" class=\"col medium-3 small-12 large-3\"  >\n\t\t<div class=\"col-inner\"  >\n\t\t\t\n\t\t\t\n\n<a href=\"https:\/\/www.kleinwalsertal.com\/de\/Suchen-Buchen\/Unterkunft-buchen\/Unterkunftsliste\/Ferienhaus-Verdoorn_ad-52841?activeTab=%23rooms\" target=\"_self\" class=\"button success expand\"  >\n    <span>Preise<\/span>\n  <\/a>\n\n\n<a href=\"https:\/\/www.kleinwalsertal.com\/de\/Suchen-Buchen\/Unterkunft-buchen\/Unterkunftsliste\/Ferienhaus-Verdoorn_ad-52841\" target=\"_self\" class=\"button white expand\"  >\n    <span>Jetzt buchen<\/span>\n  <\/a>\n\n\n\n\t\t<\/div>\n\t\t\t<\/div>\n\n\t\n\n<\/div>\n\n\t\t<\/div>\n\n\t\t\n<style>\n#section_1505431370 {\n  padding-top: 0px;\n  padding-bottom: 0px;\n  background-color: rgb(61, 56, 58);\n}\n<\/style>\n\t<\/section>","protected":false},"excerpt":{"rendered":"","protected":false},"author":2,"featured_media":0,"parent":0,"menu_order":0,"comment_status":"closed","ping_status":"closed","template":"page-blank.php","meta":{"footnotes":""},"class_list":["post-372","page","type-page","status-publish","hentry"],"_links":{"self":[{"href":"https:\/\/vakantiehuiskleinwalsertal.nl\/de\/wp-json\/wp\/v2\/pages\/372","targetHints":{"allow":["GET"]}}],"collection":[{"href":"https:\/\/vakantiehuiskleinwalsertal.nl\/de\/wp-json\/wp\/v2\/pages"}],"about":[{"href":"https:\/\/vakantiehuiskleinwalsertal.nl\/de\/wp-json\/wp\/v2\/types\/page"}],"author":[{"embeddable":true,"href":"https:\/\/vakantiehuiskleinwalsertal.nl\/de\/wp-json\/wp\/v2\/users\/2"}],"replies":[{"embeddable":true,"href":"https:\/\/vakantiehuiskleinwalsertal.nl\/de\/wp-json\/wp\/v2\/comments?post=372"}],"version-history":[{"count":65,"href":"https:\/\/vakantiehuiskleinwalsertal.nl\/de\/wp-json\/wp\/v2\/pages\/372\/revisions"}],"predecessor-version":[{"id":886,"href":"https:\/\/vakantiehuiskleinwalsertal.nl\/de\/wp-json\/wp\/v2\/pages\/372\/revisions\/886"}],"wp:attachment":[{"href":"https:\/\/vakantiehuiskleinwalsertal.nl\/de\/wp-json\/wp\/v2\/media?parent=372"}],"curies":[{"name":"wp","href":"https:\/\/api.w.org\/{rel}","templated":true}]}}