{"id":346,"date":"2020-02-12T15:21:04","date_gmt":"2020-02-12T15:21:04","guid":{"rendered":"https:\/\/vakantiehuiskleinwalsertal.nl\/?page_id=346"},"modified":"2024-03-26T09:10:47","modified_gmt":"2024-03-26T09:10:47","slug":"zomer-2","status":"publish","type":"page","link":"https:\/\/vakantiehuiskleinwalsertal.nl\/de\/sommer\/","title":{"rendered":"Sommer"},"content":{"rendered":"<div class=\"slider-wrapper relative\" id=\"slider-344634045\" style=\"background-color:#6fa6d4;\">\n    <div class=\"slider slider-nav-simple slider-nav-large slider-nav-light slider-nav-outside slider-style-normal slider-show-nav\"\n        data-flickity-options='{            \"cellAlign\": \"center\",            \"imagesLoaded\": true,            \"lazyLoad\": 1,            \"freeScroll\": false,            \"wrapAround\": true,            \"autoPlay\": 3000,            \"pauseAutoPlayOnHover\" : false,            \"prevNextButtons\": true,            \"contain\" : true,            \"adaptiveHeight\" : true,            \"dragThreshold\" : 10,            \"percentPosition\": true,            \"pageDots\": false,            \"rightToLeft\": false,            \"draggable\": true,            \"selectedAttraction\": 0.1,            \"parallax\" : 0,            \"friction\": 0.6        }'\n        >\n        \n\n\t<section class=\"section\" id=\"section_769381095\">\n\t\t<div class=\"bg section-bg fill bg-fill\" >\n\n\t\t\t\n\t\t\t\n\t\t\t\n\t<div class=\"is-border\"\n\t\tstyle=\"border-color:rgb(111, 166, 212);border-width:0px 0px 20px 0px;\">\n\t<\/div>\n\n\t\t<\/div>\n\n\t\t<div class=\"section-content relative\">\n\t\t\t\n\n<div class=\"row\"  id=\"row-884536829\">\n\n\n\t<div id=\"col-1467737914\" class=\"col medium-7 small-12 large-7\"  >\n\t\t<div class=\"col-inner\"  >\n\t\t\t\n\t\t\t\n\n<h2><span style=\"font-size: 200%; color: #ffffff;\">Sommer im Kleinwalsertal!<\/span><\/h2>\n<p><span style=\"color: #ffffff;\">Bergbahnticket inklusive!<\/span><\/p>\n\n\t\t<\/div>\n\t\t\t<\/div>\n\n\t\n\n<\/div>\n\n\t\t<\/div>\n\n\t\t\n<style>\n#section_769381095 {\n  padding-top: 30px;\n  padding-bottom: 30px;\n  min-height: 480px;\n  background-color: rgb(122, 156, 89);\n}\n#section_769381095 .section-bg.bg-loaded {\n  background-image: url(https:\/\/vakantiehuiskleinwalsertal.nl\/wp-content\/uploads\/2020\/03\/Zomer-afbeelding-9.png);\n}\n#section_769381095 .section-bg {\n  background-position: 43% 42%;\n}\n<\/style>\n\t<\/section>\n\t\n\n     <\/div>\n\n     <div class=\"loading-spin dark large centered\"><\/div>\n\n     \t<\/div>\n\n\n\t<section class=\"section\" id=\"section_707065002\">\n\t\t<div class=\"bg section-bg fill bg-fill  bg-loaded\" >\n\n\t\t\t\n\t\t\t\n\t\t\t\n\n\t\t<\/div>\n\n\t\t<div class=\"section-content relative\">\n\t\t\t\n\n<div class=\"row\"  id=\"row-808695498\">\n\n\n\t<div id=\"col-43947023\" class=\"col small-12 large-12\"  >\n\t\t<div class=\"col-inner\"  >\n\t\t\t\n\t\t\t\n\n<div class=\"row row-small row-box-shadow-1 row-box-shadow-4-hover\"  id=\"row-943101265\">\n\n\n\t<div id=\"col-1193223804\" class=\"col medium-6 small-12 large-3\"  >\n\t\t<div class=\"col-inner\"  >\n\t\t\t\n\t\t\t\n\n\n\t\t<div class=\"icon-box featured-box icon-box-center text-center\"  >\n\t\t\t\t\t<div class=\"icon-box-img\" style=\"width: 60px\">\n\t\t\t\t<div class=\"icon\">\n\t\t\t\t\t<div class=\"icon-inner\" >\n\t\t\t\t\t\t<img loading=\"lazy\" decoding=\"async\" width=\"400\" height=\"400\" src=\"https:\/\/vakantiehuiskleinwalsertal.nl\/wp-content\/uploads\/2020\/02\/mountain-2-400x400.png\" class=\"attachment-medium size-medium\" alt=\"\" srcset=\"https:\/\/vakantiehuiskleinwalsertal.nl\/wp-content\/uploads\/2020\/02\/mountain-2-400x400.png 400w, https:\/\/vakantiehuiskleinwalsertal.nl\/wp-content\/uploads\/2020\/02\/mountain-2-280x280.png 280w, https:\/\/vakantiehuiskleinwalsertal.nl\/wp-content\/uploads\/2020\/02\/mountain-2.png 512w\" sizes=\"auto, (max-width: 400px) 100vw, 400px\" \/>\t\t\t\t\t<\/div>\n\t\t\t\t<\/div>\n\t\t\t<\/div>\n\t\t\t\t<div class=\"icon-box-text last-reset\">\n\t\t\t\t\t\t\t\t\t\n\n<h3>Wandern<\/h3>\n<p>Im Kleinwalsertal k\u00f6nnen Sie nicht weniger als 150 km an Wanderwegen genie\u00dfen.&nbsp;<\/p>\n\n\t\t<\/div>\n\t<\/div>\n\t\n\t\n\n\t\t<\/div>\n\t\t\n<style>\n#col-1193223804 > .col-inner {\n  padding: 30px 0px 80px 0px;\n}\n<\/style>\n\t<\/div>\n\n\t\n\n\t<div id=\"col-2144072372\" class=\"col medium-6 small-12 large-3\"  >\n\t\t<div class=\"col-inner\"  >\n\t\t\t\n\t\t\t\n\n\n\t\t<div class=\"icon-box featured-box icon-box-center text-center\"  >\n\t\t\t\t\t<div class=\"icon-box-img\" style=\"width: 60px\">\n\t\t\t\t<div class=\"icon\">\n\t\t\t\t\t<div class=\"icon-inner\" >\n\t\t\t\t\t\t<img loading=\"lazy\" decoding=\"async\" width=\"400\" height=\"400\" src=\"https:\/\/vakantiehuiskleinwalsertal.nl\/wp-content\/uploads\/2020\/02\/cyclist-400x400.png\" class=\"attachment-medium size-medium\" alt=\"\" srcset=\"https:\/\/vakantiehuiskleinwalsertal.nl\/wp-content\/uploads\/2020\/02\/cyclist-400x400.png 400w, https:\/\/vakantiehuiskleinwalsertal.nl\/wp-content\/uploads\/2020\/02\/cyclist-280x280.png 280w, https:\/\/vakantiehuiskleinwalsertal.nl\/wp-content\/uploads\/2020\/02\/cyclist.png 512w\" sizes=\"auto, (max-width: 400px) 100vw, 400px\" \/>\t\t\t\t\t<\/div>\n\t\t\t\t<\/div>\n\t\t\t<\/div>\n\t\t\t\t<div class=\"icon-box-text last-reset\">\n\t\t\t\t\t\t\t\t\t\n\n<h3>Mountainbiken<\/h3>\n<p>Sie k\u00f6nnen mehrere Mountainbike-Strecken nutzen.&nbsp;<\/p>\n\n\t\t<\/div>\n\t<\/div>\n\t\n\t\n\n\t\t<\/div>\n\t\t\n<style>\n#col-2144072372 > .col-inner {\n  padding: 30px 0px 105px 0px;\n}\n<\/style>\n\t<\/div>\n\n\t\n\n\t<div id=\"col-1626725439\" class=\"col medium-6 small-12 large-3\"  >\n\t\t<div class=\"col-inner\"  >\n\t\t\t\n\t\t\t\n\n\n\t\t<div class=\"icon-box featured-box icon-box-center text-center\"  >\n\t\t\t\t\t<div class=\"icon-box-img\" style=\"width: 60px\">\n\t\t\t\t<div class=\"icon\">\n\t\t\t\t\t<div class=\"icon-inner\" >\n\t\t\t\t\t\t<img loading=\"lazy\" decoding=\"async\" width=\"400\" height=\"400\" src=\"https:\/\/vakantiehuiskleinwalsertal.nl\/wp-content\/uploads\/2020\/02\/girl-400x400.png\" class=\"attachment-medium size-medium\" alt=\"\" srcset=\"https:\/\/vakantiehuiskleinwalsertal.nl\/wp-content\/uploads\/2020\/02\/girl-400x400.png 400w, https:\/\/vakantiehuiskleinwalsertal.nl\/wp-content\/uploads\/2020\/02\/girl-280x280.png 280w, https:\/\/vakantiehuiskleinwalsertal.nl\/wp-content\/uploads\/2020\/02\/girl.png 512w\" sizes=\"auto, (max-width: 400px) 100vw, 400px\" \/>\t\t\t\t\t<\/div>\n\t\t\t\t<\/div>\n\t\t\t<\/div>\n\t\t\t\t<div class=\"icon-box-text last-reset\">\n\t\t\t\t\t\t\t\t\t\n\n<h3>Kinderfreundlich<\/h3>\n<p>Auch f\u00fcr Kinder gibt es im Kleinwalsertal viel zu tun.&nbsp;<\/p>\n\n\t\t<\/div>\n\t<\/div>\n\t\n\t\n\n\t\t<\/div>\n\t\t\n<style>\n#col-1626725439 > .col-inner {\n  padding: 30px 0px 80px 0px;\n}\n<\/style>\n\t<\/div>\n\n\t\n\n\t<div id=\"col-757204936\" class=\"col medium-6 small-12 large-3\"  >\n\t\t<div class=\"col-inner\"  >\n\t\t\t\n\t\t\t\n\n\n\t\t<div class=\"icon-box featured-box icon-box-center text-center\"  >\n\t\t\t\t\t<div class=\"icon-box-img\" style=\"width: 60px\">\n\t\t\t\t<div class=\"icon\">\n\t\t\t\t\t<div class=\"icon-inner\" >\n\t\t\t\t\t\t<img loading=\"lazy\" decoding=\"async\" width=\"400\" height=\"400\" src=\"https:\/\/vakantiehuiskleinwalsertal.nl\/wp-content\/uploads\/2020\/02\/contact-400x400.png\" class=\"attachment-medium size-medium\" alt=\"\" srcset=\"https:\/\/vakantiehuiskleinwalsertal.nl\/wp-content\/uploads\/2020\/02\/contact-400x400.png 400w, https:\/\/vakantiehuiskleinwalsertal.nl\/wp-content\/uploads\/2020\/02\/contact-280x280.png 280w, https:\/\/vakantiehuiskleinwalsertal.nl\/wp-content\/uploads\/2020\/02\/contact.png 512w\" sizes=\"auto, (max-width: 400px) 100vw, 400px\" \/>\t\t\t\t\t<\/div>\n\t\t\t\t<\/div>\n\t\t\t<\/div>\n\t\t\t\t<div class=\"icon-box-text last-reset\">\n\t\t\t\t\t\t\t\t\t\n\n<h3>Bergbahn Unlimited<\/h3>\n<p>Mit dem Bergbahn Unlimited-Ticket haben Sie vom Mai bis Anfang November freie Fahrt mit all unseren Bergbahnen im Kleinwalsertal und in Oberstdorf!\u00a0<\/p>\n\n\t\t<\/div>\n\t<\/div>\n\t\n\t\n\n\t\t<\/div>\n\t\t\t<\/div>\n\n\t\n\n\n<style>\n#row-943101265 > .col > .col-inner {\n  padding: 30px 30px 30px 30px;\n  background-color: rgb(255,255,255);\n}\n<\/style>\n<\/div>\n\n\t\t<\/div>\n\t\t\n<style>\n#col-43947023 > .col-inner {\n  margin: -100px 0px 0px 0px;\n}\n<\/style>\n\t<\/div>\n\n\t\n\n<\/div>\n\n\t\t<\/div>\n\n\t\t\n<style>\n#section_707065002 {\n  padding-top: 30px;\n  padding-bottom: 30px;\n  background-color: rgb(245, 247, 251);\n}\n<\/style>\n\t<\/section>\n\t\n\t<section class=\"section\" id=\"section_1034725285\">\n\t\t<div class=\"bg section-bg fill bg-fill  bg-loaded\" >\n\n\t\t\t\n\t\t\t\n\t\t\t\n\n\t\t<\/div>\n\n\t\t<div class=\"section-content relative\">\n\t\t\t\n\n\t<div id=\"gap-246954843\" class=\"gap-element clearfix\" style=\"display:block; height:auto;\">\n\t\t\n<style>\n#gap-246954843 {\n  padding-top: 40px;\n}\n<\/style>\n\t<\/div>\n\t\n\n<div class=\"row align-center\"  id=\"row-1637627401\">\n\n\n\t<div id=\"col-1410503681\" class=\"col medium-4 small-10 large-4\"  >\n\t\t<div class=\"col-inner\"  >\n\t\t\t\n\t\t\t\n\n<h1 class=\"uppercase\"><span style=\"font-size: 110%;\">Sommeraktivit\u00e4ten im Kleinwalsertal<\/span><\/h1>\n<a href=\"\/de\/contact\/\" target=\"_self\" class=\"button primary is-link\"  >\n    <span>Kontakt<\/span>\n  <i class=\"icon-angle-right\" ><\/i><\/a>\n\n\n\n\t\t<\/div>\n\t\t\t<\/div>\n\n\t\n\n\t<div id=\"col-647560989\" class=\"col medium-8 small-10 large-8\"  >\n\t\t<div class=\"col-inner\"  >\n\t\t\t\n\t\t\t\n\n<p>Es ist Zeit, Ihren Sommerurlaub zu buchen! Im Ferienhaus Verdoorn im Kleinwalsertal gibt es viel zu tun! Im Kleinwalsertal gibt es auch im Fr\u00fchling, Sommer und Herbst viel zu tun. F\u00fcr Jung und Alt und ob Sie ultimative Entspannung oder Abenteuer m\u00f6gen.<\/p>\n<p>Ein Sommerurlaub im Kleinwalsertal ist ideal! In Riezlern gibt es zum Beispiel ein Freibad mit Blick auf die Berge! In Baad gibt es eine Minigolfanlage und in Riezlern einen Skatepark. Kinder ab 6 Jahren k\u00f6nnen an einem Abenteuerprogramm mit Burmi teilnehmen. Ausgangspunkt ist das Walserhaus, der Tourismusverband. Auf den umliegenden Wiesen in der N\u00e4he des Ferienhauses befinden sich verschiedene Tiere.<\/p>\n<p>Im Kleinwalsertal wird Ihnen keinen einzigen Moment langweilig. Neben Wandern und Mountainbiken k\u00f6nnen Sie die Natur von einer Pferdekutsche aus genie\u00dfen, an der sch\u00f6nen Breitach angeln, im Schwimmbad oder bei Wellness entspannen, einen Ritt auf einem Pferd durch die Landschaft des Kleinwalsertals machen, eine Fahrt auf der Rodelbahn unternehmen, sich abseilen oder Bergsteigen gehen.<\/p>\n<p>Von der Terrasse oder einem der Balkone des Ferienhauses Verdoorn k\u00f6nnen Sie die sch\u00f6ne Aussicht auf die Berge genie\u00dfen!\u00a0<\/p>\n\n\t\t<\/div>\n\t\t\t<\/div>\n\n\t\n\n<\/div>\n\n\t\t<\/div>\n\n\t\t\n<style>\n#section_1034725285 {\n  padding-top: 30px;\n  padding-bottom: 30px;\n}\n<\/style>\n\t<\/section>\n\t\n\t<section class=\"section info-card-1\" id=\"section_1509188602\">\n\t\t<div class=\"bg section-bg fill bg-fill  bg-loaded\" >\n\n\t\t\t\n\t\t\t\n\t\t\t\n\n\t\t<\/div>\n\n\t\t<div class=\"section-content relative\">\n\t\t\t\n\n<div class=\"row\"  id=\"row-1950659237\">\n\n\n\t<div id=\"col-22878758\" class=\"col small-12 large-12\"  >\n\t\t<div class=\"col-inner text-center\"  >\n\t\t\t\n\t\t\t\n\n<h2>Aktivit\u00e4ten rund um das Kleinwalsertal<\/h2>\n\n\t\t<\/div>\n\t\t\n<style>\n#col-22878758 > .col-inner {\n  padding: 20px 0px 0px 0px;\n}\n<\/style>\n\t<\/div>\n\n\t\n\n<\/div>\n<div class=\"row row-small align-equal\"  id=\"row-915028138\">\n\n\n\t<div id=\"col-1806708402\" class=\"col medium-4 small-12 large-4\"  >\n\t\t<div class=\"col-inner\"  >\n\t\t\t\n\t\t\t\n\n\t<div class=\"box has-hover   has-hover box-push box-text-bottom\" >\n\n\t\t<div class=\"box-image\" >\n\t\t\t\t\t\t<div class=\"image-zoom image-cover\" style=\"padding-top:70%;\">\n\t\t\t\t<img loading=\"lazy\" decoding=\"async\" width=\"800\" height=\"800\" src=\"https:\/\/vakantiehuiskleinwalsertal.nl\/wp-content\/uploads\/2020\/03\/Zomer-afbeelding-23.png\" class=\"attachment- size-\" alt=\"\" srcset=\"https:\/\/vakantiehuiskleinwalsertal.nl\/wp-content\/uploads\/2020\/03\/Zomer-afbeelding-23.png 800w, https:\/\/vakantiehuiskleinwalsertal.nl\/wp-content\/uploads\/2020\/03\/Zomer-afbeelding-23-400x400.png 400w, https:\/\/vakantiehuiskleinwalsertal.nl\/wp-content\/uploads\/2020\/03\/Zomer-afbeelding-23-280x280.png 280w, https:\/\/vakantiehuiskleinwalsertal.nl\/wp-content\/uploads\/2020\/03\/Zomer-afbeelding-23-768x768.png 768w\" sizes=\"auto, (max-width: 800px) 100vw, 800px\" \/>\t\t\t\t\t\t\t\t\t\t\t<\/div>\n\t\t\t\t\t<\/div>\n\n\t\t<div class=\"box-text text-center\" style=\"background-color:rgb(255, 255, 255);padding:20px 5% 20px 5%;\">\n\t\t\t<div class=\"box-text-inner\">\n\t\t\t\t\n\n<h4>Trailrunning<\/h4>\n<p class=\"p1\">Entdecken Sie die Natur in ihrer reinsten Form. Heutzutage werden f\u00fcr diese Sportart sogar Weltmeisterschaften veranstaltet!&nbsp;<\/p>\n\n\t\t\t<\/div>\n\t\t<\/div>\n\t<\/div>\n\t\n\n\t\t<\/div>\n\t\t\t<\/div>\n\n\t\n\n\t<div id=\"col-248877173\" class=\"col medium-4 small-12 large-4\"  >\n\t\t<div class=\"col-inner\"  >\n\t\t\t\n\t\t\t\n\n\t<div class=\"box has-hover   has-hover box-push box-text-bottom\" >\n\n\t\t<div class=\"box-image\" >\n\t\t\t\t\t\t<div class=\"image-zoom image-cover\" style=\"padding-top:70%;\">\n\t\t\t\t<img loading=\"lazy\" decoding=\"async\" width=\"2560\" height=\"1581\" src=\"https:\/\/vakantiehuiskleinwalsertal.nl\/wp-content\/uploads\/2020\/02\/klimmen-goed-scaled.jpg\" class=\"attachment- size-\" alt=\"\" srcset=\"https:\/\/vakantiehuiskleinwalsertal.nl\/wp-content\/uploads\/2020\/02\/klimmen-goed-scaled.jpg 2560w, https:\/\/vakantiehuiskleinwalsertal.nl\/wp-content\/uploads\/2020\/02\/klimmen-goed-648x400.jpg 648w, https:\/\/vakantiehuiskleinwalsertal.nl\/wp-content\/uploads\/2020\/02\/klimmen-goed-1296x800.jpg 1296w, https:\/\/vakantiehuiskleinwalsertal.nl\/wp-content\/uploads\/2020\/02\/klimmen-goed-768x474.jpg 768w, https:\/\/vakantiehuiskleinwalsertal.nl\/wp-content\/uploads\/2020\/02\/klimmen-goed-1536x948.jpg 1536w, https:\/\/vakantiehuiskleinwalsertal.nl\/wp-content\/uploads\/2020\/02\/klimmen-goed-2048x1265.jpg 2048w\" sizes=\"auto, (max-width: 2560px) 100vw, 2560px\" \/>\t\t\t\t\t\t\t\t\t\t\t<\/div>\n\t\t\t\t\t<\/div>\n\n\t\t<div class=\"box-text text-center\" style=\"background-color:rgb(255, 255, 255);padding:20px 5% 20px 5%;\">\n\t\t\t<div class=\"box-text-inner\">\n\t\t\t\t\n\n<h4>Klettern<\/h4>\n<p>Begeben Sie sich auf ein Abenteuer und besteigen Sie die sch\u00f6nsten Berge in der Umgebung von Mittelberg.&nbsp;<\/p>\n\n\t\t\t<\/div>\n\t\t<\/div>\n\t<\/div>\n\t\n\n\t\t<\/div>\n\t\t\t<\/div>\n\n\t\n\n\t<div id=\"col-980639985\" class=\"col medium-4 small-12 large-4\"  >\n\t\t<div class=\"col-inner\"  >\n\t\t\t\n\t\t\t\n\n\t<div class=\"box has-hover   has-hover box-push box-text-bottom\" >\n\n\t\t<div class=\"box-image\" >\n\t\t\t\t\t\t<div class=\"image-zoom image-cover\" style=\"padding-top:70%;\">\n\t\t\t\t<img loading=\"lazy\" decoding=\"async\" width=\"2560\" height=\"1920\" src=\"https:\/\/vakantiehuiskleinwalsertal.nl\/wp-content\/uploads\/2020\/02\/jayn-tiny-scaled.jpg\" class=\"attachment- size-\" alt=\"\" srcset=\"https:\/\/vakantiehuiskleinwalsertal.nl\/wp-content\/uploads\/2020\/02\/jayn-tiny-scaled.jpg 2560w, https:\/\/vakantiehuiskleinwalsertal.nl\/wp-content\/uploads\/2020\/02\/jayn-tiny-533x400.jpg 533w, https:\/\/vakantiehuiskleinwalsertal.nl\/wp-content\/uploads\/2020\/02\/jayn-tiny-1067x800.jpg 1067w, https:\/\/vakantiehuiskleinwalsertal.nl\/wp-content\/uploads\/2020\/02\/jayn-tiny-768x576.jpg 768w, https:\/\/vakantiehuiskleinwalsertal.nl\/wp-content\/uploads\/2020\/02\/jayn-tiny-1536x1152.jpg 1536w, https:\/\/vakantiehuiskleinwalsertal.nl\/wp-content\/uploads\/2020\/02\/jayn-tiny-2048x1536.jpg 2048w\" sizes=\"auto, (max-width: 2560px) 100vw, 2560px\" \/>\t\t\t\t\t\t\t\t\t\t\t<\/div>\n\t\t\t\t\t<\/div>\n\n\t\t<div class=\"box-text text-center\" style=\"background-color:rgb(255, 255, 255);padding:20px 5% 20px 5%;\">\n\t\t\t<div class=\"box-text-inner\">\n\t\t\t\t\n\n<h4>Canyoning<\/h4>\n<p>Entdecken Sie versteckte Wasserf\u00e4lle, kristallklare Pools, Canyons und andere unglaubliche Wunder der Natur.&nbsp;<\/p>\n\n\t\t\t<\/div>\n\t\t<\/div>\n\t<\/div>\n\t\n\n\t\t<\/div>\n\t\t\t<\/div>\n\n\t\n\n\n<style>\n#row-915028138 > .col > .col-inner {\n  background-color: rgb(255,255,255);\n}\n<\/style>\n<\/div>\n\n\t\t<\/div>\n\n\t\t\n<style>\n#section_1509188602 {\n  padding-top: 50px;\n  padding-bottom: 50px;\n  background-color: rgb(244, 244, 244);\n}\n<\/style>\n\t<\/section>\n\t\n\t<section class=\"section\" id=\"section_460605299\">\n\t\t<div class=\"bg section-bg fill bg-fill\" >\n\n\t\t\t\n\t\t\t<div class=\"section-bg-overlay absolute fill\"><\/div>\n\t\t\t\n\n\t\t<\/div>\n\n\t\t<div class=\"section-content relative\">\n\t\t\t\n\n\t<div id=\"gap-1563886947\" class=\"gap-element clearfix\" style=\"display:block; height:auto;\">\n\t\t\n<style>\n#gap-1563886947 {\n  padding-top: 8px;\n}\n<\/style>\n\t<\/div>\n\t\n\n<div class=\"row row-collapse align-center\"  id=\"row-76648944\">\n\n\n\t<div id=\"col-1752809962\" class=\"col medium-6 small-11 large-6\"  >\n\t\t<div class=\"col-inner text-center\"  >\n\t\t\t\n\t\t\t\n\n\n  <div class=\"banner has-hover\" id=\"banner-438204993\">\n          <div class=\"banner-inner fill\">\n        <div class=\"banner-bg fill\" >\n            <div class=\"bg fill bg-fill\"><\/div>\n                                    \n                    <\/div>\n        <div class=\"banner-layers container\">\n            <div class=\"fill banner-link\"><\/div>            \n\n   <div id=\"text-box-755784236\" class=\"text-box banner-layer x50 md-x50 lg-x50 y50 md-y50 lg-y50 res-text\">\n                                <div class=\"text-box-content text\">\n              \n              <div class=\"text-inner text-center\">\n                  \n\n<h1 style=\"text-align: center;\"><span style=\"font-size: 90%;\">VERF\u00dcGBARKEIT PR\u00dcFEN<\/span><\/h1>\n<p style=\"text-align: center;\"><span style=\"font-size: 160%;\">Unten k\u00f6nnen Sie die Verf\u00fcgbarkeit des Ferienhauses \u00fcberpr\u00fcfen.\u00a0<\/span><\/p>\n<a href=\"https:\/\/www.kleinwalsertal.com\/de\/Suchen-Buchen\/Unterkunft-buchen\/Unterkunftsliste\/Ferienhaus-Verdoorn_ad-52841\" target=\"_self\" class=\"button success is-xxlarge\"  >\n    <span>Verf\u00fcgbarkeit<\/span>\n  <\/a>\n\n\n\n              <\/div>\n           <\/div>\n                            \n<style>\n#text-box-755784236 {\n  width: 87%;\n}\n#text-box-755784236 .text-box-content {\n  font-size: 100%;\n}\n<\/style>\n    <\/div>\n \n\n        <\/div>\n      <\/div>\n\n            \n<style>\n#banner-438204993 {\n  padding-top: 500px;\n  background-color: rgb(255,255,255);\n}\n<\/style>\n  <\/div>\n\n\n\n\t\t<\/div>\n\t\t\t<\/div>\n\n\t\n\n\t<div id=\"col-404602310\" class=\"col medium-6 small-11 large-6\"  >\n\t\t<div class=\"col-inner\"  >\n\t\t\t\n\t\t\t\n\n\n  <div class=\"banner has-hover\" id=\"banner-1707182167\">\n          <div class=\"banner-inner fill\">\n        <div class=\"banner-bg fill\" >\n            <div class=\"bg fill bg-fill\"><\/div>\n                                    \n                    <\/div>\n        <div class=\"banner-layers container\">\n            <div class=\"fill banner-link\"><\/div>            \n\n\n        <\/div>\n      <\/div>\n\n            \n<style>\n#banner-1707182167 {\n  padding-top: 500px;\n  background-color: rgb(228, 228, 228);\n}\n#banner-1707182167 .bg.bg-loaded {\n  background-image: url(https:\/\/vakantiehuiskleinwalsertal.nl\/wp-content\/uploads\/2020\/03\/Zomer-afbeelding-1.png);\n}\n<\/style>\n  <\/div>\n\n\n\n\t\t<\/div>\n\t\t\t<\/div>\n\n\t\n\n<\/div>\n\n\t\t<\/div>\n\n\t\t\n<style>\n#section_460605299 {\n  padding-top: 68px;\n  padding-bottom: 68px;\n}\n#section_460605299 .section-bg-overlay {\n  background-color: rgba(0,0,0,.5);\n}\n#section_460605299 .section-bg.bg-loaded {\n  background-image: url(https:\/\/vakantiehuiskleinwalsertal.nl\/wp-content\/uploads\/2020\/03\/Zomer-afbeelding-19.png);\n}\n#section_460605299 .section-bg {\n  background-position: 66% 46%;\n}\n<\/style>\n\t<\/section>\n\t\n\t<section class=\"section\" id=\"section_1196165154\">\n\t\t<div class=\"bg section-bg fill bg-fill  bg-loaded\" >\n\n\t\t\t\n\t\t\t\n\t\t\t\n\n\t\t<\/div>\n\n\t\t<div class=\"section-content relative\">\n\t\t\t\n\n<div class=\"row align-center\"  id=\"row-1461817385\">\n\n\n\t<div id=\"col-1157071189\" class=\"col medium-10 small-10 large-8\"  >\n\t\t<div class=\"col-inner text-center\"  >\n\t\t\t\n\t\t\t\n\n<h6>Kleinwalsertal<\/h6>\n<h3>Sommer- und Winterurlaub<\/h3>\n<p>Sind Sie auf der Suche nach einem Sommer- oder Winterurlaub? Das Ferienhaus Verdoorn hat eine ideale Lage und ist ein geeignetes Urlaubsziel f\u00fcr alle Jahreszeiten! Vom Haus und von den Balkonen aus haben Sie einen sch\u00f6nen Blick auf die Berge, was ein herrliches Urlaubsgef\u00fchl vermittelt.&nbsp;<\/p>\n\t<div id=\"gap-1758442224\" class=\"gap-element clearfix\" style=\"display:block; height:auto;\">\n\t\t\n<style>\n#gap-1758442224 {\n  padding-top: 30px;\n}\n<\/style>\n\t<\/div>\n\t\n\n\n  <div class=\"banner has-hover\" id=\"banner-1150677775\">\n          <div class=\"banner-inner fill\">\n        <div class=\"banner-bg fill\" >\n            <div class=\"bg fill bg-fill\"><\/div>\n                                    \n                    <\/div>\n        <div class=\"banner-layers container\">\n            <div class=\"fill banner-link\"><\/div>            \n\n\n        <\/div>\n      <\/div>\n\n            \n<style>\n#banner-1150677775 {\n  padding-top: 300px;\n  background-color: rgb(255,255,255);\n}\n#banner-1150677775 .bg.bg-loaded {\n  background-image: url(https:\/\/vakantiehuiskleinwalsertal.nl\/wp-content\/uploads\/2020\/03\/Zomer-afbeelding-14.png);\n}\n@media (min-width:550px) {\n  #banner-1150677775 {\n    padding-top: 400px;\n  }\n}\n@media (min-width:850px) {\n  #banner-1150677775 {\n    padding-top: 500px;\n  }\n}\n<\/style>\n  <\/div>\n\n\n\n\t\t<\/div>\n\t\t\n<style>\n#col-1157071189 > .col-inner {\n  padding: 60px 0px 0px 0px;\n  margin: 0px 0px -100px 0px;\n}\n<\/style>\n\t<\/div>\n\n\t\n\n<\/div>\n\n\t\t<\/div>\n\n\t\t\n<style>\n#section_1196165154 {\n  padding-top: 30px;\n  padding-bottom: 30px;\n  background-color: rgb(249, 247, 244);\n}\n<\/style>\n\t<\/section>\n\t\n\t<section class=\"section dark\" id=\"section_522197242\">\n\t\t<div class=\"bg section-bg fill bg-fill  bg-loaded\" >\n\n\t\t\t\n\t\t\t\n\t\t\t\n\n\t\t<\/div>\n\n\t\t<div class=\"section-content relative\">\n\t\t\t\n\n\t<div id=\"gap-2044768671\" class=\"gap-element clearfix\" style=\"display:block; height:auto;\">\n\t\t\n<style>\n#gap-2044768671 {\n  padding-top: 50px;\n}\n<\/style>\n\t<\/div>\n\t\n\n<div class=\"row\"  id=\"row-1176079507\">\n\n\n\t<div id=\"col-278892801\" class=\"col medium-9 small-12 large-9\"  >\n\t\t<div class=\"col-inner\"  >\n\t\t\t\n\t\t\t\n\n<h2>Mittelberg entdecken<\/h2>\n<p>Bereit f\u00fcr Ihren Urlaub in \u00d6sterreich?<\/p>\n\n\t\t<\/div>\n\t\t\t<\/div>\n\n\t\n\n\t<div id=\"col-1111746340\" class=\"col medium-3 small-12 large-3\"  >\n\t\t<div class=\"col-inner\"  >\n\t\t\t\n\t\t\t\n\n<a href=\"https:\/\/www.kleinwalsertal.com\/de\/Suchen-Buchen\/Unterkunft-buchen\/Unterkunftsliste\/Ferienhaus-Verdoorn_ad-52841?activeTab=%23rooms\" target=\"_self\" class=\"button success expand\"  >\n    <span>Preise<\/span>\n  <\/a>\n\n\n<a href=\"https:\/\/www.kleinwalsertal.com\/de\/Suchen-Buchen\/Unterkunft-buchen\/Unterkunftsliste\/Ferienhaus-Verdoorn_ad-52841\" target=\"_self\" class=\"button white expand\"  >\n    <span>Jetzt buchen<\/span>\n  <\/a>\n\n\n\n\t\t<\/div>\n\t\t\t<\/div>\n\n\t\n\n<\/div>\n\n\t\t<\/div>\n\n\t\t\n<style>\n#section_522197242 {\n  padding-top: 0px;\n  padding-bottom: 0px;\n  background-color: rgb(61, 56, 58);\n}\n<\/style>\n\t<\/section>","protected":false},"excerpt":{"rendered":"","protected":false},"author":2,"featured_media":0,"parent":0,"menu_order":0,"comment_status":"closed","ping_status":"closed","template":"page-blank.php","meta":{"footnotes":""},"class_list":["post-346","page","type-page","status-publish","hentry"],"_links":{"self":[{"href":"https:\/\/vakantiehuiskleinwalsertal.nl\/de\/wp-json\/wp\/v2\/pages\/346","targetHints":{"allow":["GET"]}}],"collection":[{"href":"https:\/\/vakantiehuiskleinwalsertal.nl\/de\/wp-json\/wp\/v2\/pages"}],"about":[{"href":"https:\/\/vakantiehuiskleinwalsertal.nl\/de\/wp-json\/wp\/v2\/types\/page"}],"author":[{"embeddable":true,"href":"https:\/\/vakantiehuiskleinwalsertal.nl\/de\/wp-json\/wp\/v2\/users\/2"}],"replies":[{"embeddable":true,"href":"https:\/\/vakantiehuiskleinwalsertal.nl\/de\/wp-json\/wp\/v2\/comments?post=346"}],"version-history":[{"count":56,"href":"https:\/\/vakantiehuiskleinwalsertal.nl\/de\/wp-json\/wp\/v2\/pages\/346\/revisions"}],"predecessor-version":[{"id":10270,"href":"https:\/\/vakantiehuiskleinwalsertal.nl\/de\/wp-json\/wp\/v2\/pages\/346\/revisions\/10270"}],"wp:attachment":[{"href":"https:\/\/vakantiehuiskleinwalsertal.nl\/de\/wp-json\/wp\/v2\/media?parent=346"}],"curies":[{"name":"wp","href":"https:\/\/api.w.org\/{rel}","templated":true}]}}